{"id":9,"date":"2018-02-15T13:28:09","date_gmt":"2018-02-15T13:28:09","guid":{"rendered":"https:\/\/www.atecyr.org\/blog\/?page_id=9"},"modified":"2019-03-24T14:43:38","modified_gmt":"2019-03-24T14:43:38","slug":"contacto","status":"publish","type":"page","link":"https:\/\/www.atecyr.org\/blog\/contacto\/","title":{"rendered":"Contacto"},"content":{"rendered":"\n<p>Si quieres conocer las ventajas de formar parte de Atecyr, o est\u00e1s interesado en una DTIE, o tienes dudas sobre la metodolog\u00eda de alguno de los cursos que impartimos, o cualquier otra aclaraci\u00f3n que necesites, no dudes en contactarnos ya sea por mail o por tel\u00e9fono. Estaremos encantados de atenderte.<\/p>\n\n\n\n<p>Tel\u00e9fono de contacto: 91 767 13 55<\/p>\n","protected":false},"excerpt":{"rendered":"<p>Si quieres conocer las ventajas de formar parte de Atecyr, o est\u00e1s interesado en una DTIE, o tienes dudas sobre la metodolog\u00eda de alguno de los cursos que impartimos, o cualquier otra aclaraci\u00f3n que&#46;&#46;&#46;<\/p>\n","protected":false},"author":1,"featured_media":0,"parent":0,"menu_order":0,"comment_status":"closed","ping_status":"closed","template":"","meta":{"footnotes":"","_vp_format_video_url":"","_vp_image_focal_point":[]},"post_mailing_queue_ids":[],"_links":{"self":[{"href":"https:\/\/www.atecyr.org\/blog\/wp-json\/wp\/v2\/pages\/9"}],"collection":[{"href":"https:\/\/www.atecyr.org\/blog\/wp-json\/wp\/v2\/pages"}],"about":[{"href":"https:\/\/www.atecyr.org\/blog\/wp-json\/wp\/v2\/types\/page"}],"author":[{"embeddable":true,"href":"https:\/\/www.atecyr.org\/blog\/wp-json\/wp\/v2\/users\/1"}],"replies":[{"embeddable":true,"href":"https:\/\/www.atecyr.org\/blog\/wp-json\/wp\/v2\/comments?post=9"}],"version-history":[{"count":2,"href":"https:\/\/www.atecyr.org\/blog\/wp-json\/wp\/v2\/pages\/9\/revisions"}],"predecessor-version":[{"id":275,"href":"https:\/\/www.atecyr.org\/blog\/wp-json\/wp\/v2\/pages\/9\/revisions\/275"}],"wp:attachment":[{"href":"https:\/\/www.atecyr.org\/blog\/wp-json\/wp\/v2\/media?parent=9"}],"curies":[{"name":"wp","href":"https:\/\/api.w.org\/{rel}","templated":true}]}}