{"id":8,"date":"2018-02-15T13:28:09","date_gmt":"2018-02-15T13:28:09","guid":{"rendered":"https:\/\/www.atecyr.org\/blog\/?page_id=8"},"modified":"2021-11-25T08:59:28","modified_gmt":"2021-11-25T07:59:28","slug":"edificios-consumo-energia-casi-nulo","status":"publish","type":"page","link":"https:\/\/www.atecyr.org\/blog\/edificios-consumo-energia-casi-nulo\/","title":{"rendered":"EECN y edificios inteligentes"},"content":{"rendered":"<ul class=\"lcp_catlist\" id=\"lcp_instance_0\"><li><a href=\"https:\/\/www.atecyr.org\/blog\/2020\/06\/08\/analisis-de-las-tecnologias-de-calefaccion-y-acs-para-los-edificios-de-viviendas-de-nueva-construccion-conforme-al-nuevo-db-he-cte-2019-por-alberto-jimenez\/\">An\u00e1lisis de las tecnolog\u00edas de calefacci\u00f3n y ACS para los edificios de viviendas de nueva construcci\u00f3n conforme al Nuevo DB HE CTE 2019 por Alberto Jim\u00e9nez<\/a><a href=\"https:\/\/www.atecyr.org\/blog\/2020\/06\/08\/analisis-de-las-tecnologias-de-calefaccion-y-acs-para-los-edificios-de-viviendas-de-nueva-construccion-conforme-al-nuevo-db-he-cte-2019-por-alberto-jimenez\/\" title=\"An\u00e1lisis de las tecnolog\u00edas de calefacci\u00f3n y ACS para los edificios de viviendas de nueva construcci\u00f3n conforme al Nuevo DB HE CTE 2019 por Alberto Jim\u00e9nez\"><img loading=\"lazy\" decoding=\"async\" width=\"150\" height=\"150\" src=\"https:\/\/www.atecyr.org\/blog\/wp-content\/uploads\/2020\/06\/Alberto-Jimenez-1-150x150.png\" class=\"lcp_thumbnail no-lazy wp-post-image\" alt=\"An\u00e1lisis de las tecnolog\u00edas de calefacci\u00f3n y ACS para los edificios de viviendas de nueva construcci\u00f3n conforme al Nuevo DB HE CTE 2019 por Alberto Jim\u00e9nez\" srcset=\"https:\/\/www.atecyr.org\/blog\/wp-content\/uploads\/2020\/06\/Alberto-Jimenez-1-150x150.png 150w, https:\/\/www.atecyr.org\/blog\/wp-content\/uploads\/2020\/06\/Alberto-Jimenez-1-160x160.png 160w, https:\/\/www.atecyr.org\/blog\/wp-content\/uploads\/2020\/06\/Alberto-Jimenez-1-320x320.png 320w\" sizes=\"(max-width: 150px) 100vw, 150px\" \/><\/a><div class=\"lcp_excerpt\">\n\n\n\nAlberto Jim\u00e9nez\n\n\nJefe Departamento T\u00e9cnico de Baxi (Socio Protector de Atecyr)\n\n\n\n\nEl pasado 27 de diciembre se public\u00f3 el nuevo DB HE del CTE. Se mantiene la estructura de la anterior versi\u00f3n, con los mismos 6 apartados (del HE0 al HE5), lo que sin duda har\u00e1 que sea m\u00e1s f\u00e1cil su lectura. Este art\u00edculo no tiene intenci\u00f3n ...<\/div><\/li><li><a href=\"https:\/\/www.atecyr.org\/blog\/2020\/04\/07\/regulacion-y-control-industria-4-0-por-rafael-ramos-ruiz-y-oscar-fernandez-rios\/\">Regulaci\u00f3n y control. Industria 4.0 por Rafael Ramos Ruiz y \u00d3scar Fern\u00e1ndez R\u00edos<\/a><a href=\"https:\/\/www.atecyr.org\/blog\/2020\/04\/07\/regulacion-y-control-industria-4-0-por-rafael-ramos-ruiz-y-oscar-fernandez-rios\/\" title=\"Regulaci\u00f3n y control. Industria 4.0 por Rafael Ramos Ruiz y \u00d3scar Fern\u00e1ndez R\u00edos\"><img loading=\"lazy\" decoding=\"async\" width=\"150\" height=\"150\" src=\"https:\/\/www.atecyr.org\/blog\/wp-content\/uploads\/2020\/04\/Danfoss-1-150x150.png\" class=\"lcp_thumbnail no-lazy wp-post-image\" alt=\"Regulaci\u00f3n y control. Industria 4.0 por Rafael Ramos Ruiz y \u00d3scar Fern\u00e1ndez R\u00edos\" srcset=\"https:\/\/www.atecyr.org\/blog\/wp-content\/uploads\/2020\/04\/Danfoss-1-150x150.png 150w, https:\/\/www.atecyr.org\/blog\/wp-content\/uploads\/2020\/04\/Danfoss-1-160x160.png 160w, https:\/\/www.atecyr.org\/blog\/wp-content\/uploads\/2020\/04\/Danfoss-1-320x320.png 320w\" sizes=\"(max-width: 150px) 100vw, 150px\" \/><\/a><div class=\"lcp_excerpt\">\n\n\n\nRafael Ramos Ruiz\n\n\nResponsable de Desarrollo de Negocio de Danfoss\n\n\n\n\n\n\n\n\u00d3scar Fern\u00e1ndez R\u00edos\n\n\nIngeniero de Ventas y Aplicaciones de Danfoss\n\n\n\n\n\nEn primer lugar, quisiera\ny definir, lo que, a mi juicio, se considera la disciplina de la rama de la\ningeniera denominada \u201cRegulaci\u00f3n y Control\u201d\n\n\nEsta disciplina de la ingenier\u00eda\ntrata de manejar, operar o conducir, aquellas maquinas, sistemas o instalaciones,\nque funcionan en ...<\/div><\/li><li><a href=\"https:\/\/www.atecyr.org\/blog\/2020\/03\/17\/el-nuevo-documento-basico-de-ahorro-de-energia-del-cte-2019-por-pedro-vicente-quiles\/\">El nuevo Documento B\u00e1sico de Ahorro de Energ\u00eda del CTE 2019 por Pedro Vicente Quiles<\/a><a href=\"https:\/\/www.atecyr.org\/blog\/2020\/03\/17\/el-nuevo-documento-basico-de-ahorro-de-energia-del-cte-2019-por-pedro-vicente-quiles\/\" title=\"El nuevo Documento B\u00e1sico de Ahorro de Energ\u00eda del CTE 2019 por Pedro Vicente Quiles\"><img loading=\"lazy\" decoding=\"async\" width=\"150\" height=\"150\" src=\"https:\/\/www.atecyr.org\/blog\/wp-content\/uploads\/2019\/06\/Pedro-blog-150x150.jpg\" class=\"lcp_thumbnail no-lazy wp-post-image\" alt=\"El nuevo Documento B\u00e1sico de Ahorro de Energ\u00eda del CTE 2019 por Pedro Vicente Quiles\" srcset=\"https:\/\/www.atecyr.org\/blog\/wp-content\/uploads\/2019\/06\/Pedro-blog-150x150.jpg 150w, https:\/\/www.atecyr.org\/blog\/wp-content\/uploads\/2019\/06\/Pedro-blog-160x160.jpg 160w, https:\/\/www.atecyr.org\/blog\/wp-content\/uploads\/2019\/06\/Pedro-blog-320x320.jpg 320w\" sizes=\"(max-width: 150px) 100vw, 150px\" \/><\/a><div class=\"lcp_excerpt\">\n\n\n\nPedro Vicente Quiles\n\n\nVicepresidente Ejecutivo del Comit\u00e9 T\u00e9cnico de Atecyr\n\n\n\n\n\n\nLos esfuerzos de la UE en relaci\u00f3n a los \u201cacuerdos de Par\u00eds\u00bb, est\u00e1n claramente establecidos para el sector de la construcci\u00f3n en las Directivas recientemente aprobadas. Los pa\u00edses miembros deben establecer una hoja de ruta hacia el objetivo de la descarbonizaci\u00f3n de los edificios en el a\u00f1o ...<\/div><\/li><\/ul>\n","protected":false},"excerpt":{"rendered":"","protected":false},"author":1,"featured_media":0,"parent":0,"menu_order":0,"comment_status":"closed","ping_status":"closed","template":"","meta":{"footnotes":"","_vp_format_video_url":"","_vp_image_focal_point":[]},"post_mailing_queue_ids":[],"_links":{"self":[{"href":"https:\/\/www.atecyr.org\/blog\/wp-json\/wp\/v2\/pages\/8"}],"collection":[{"href":"https:\/\/www.atecyr.org\/blog\/wp-json\/wp\/v2\/pages"}],"about":[{"href":"https:\/\/www.atecyr.org\/blog\/wp-json\/wp\/v2\/types\/page"}],"author":[{"embeddable":true,"href":"https:\/\/www.atecyr.org\/blog\/wp-json\/wp\/v2\/users\/1"}],"replies":[{"embeddable":true,"href":"https:\/\/www.atecyr.org\/blog\/wp-json\/wp\/v2\/comments?post=8"}],"version-history":[{"count":5,"href":"https:\/\/www.atecyr.org\/blog\/wp-json\/wp\/v2\/pages\/8\/revisions"}],"predecessor-version":[{"id":2347,"href":"https:\/\/www.atecyr.org\/blog\/wp-json\/wp\/v2\/pages\/8\/revisions\/2347"}],"wp:attachment":[{"href":"https:\/\/www.atecyr.org\/blog\/wp-json\/wp\/v2\/media?parent=8"}],"curies":[{"name":"wp","href":"https:\/\/api.w.org\/{rel}","templated":true}]}}