{"id":544,"date":"2019-04-06T18:28:11","date_gmt":"2019-04-06T18:28:11","guid":{"rendered":"https:\/\/www.atecyr.org\/blog\/?page_id=544"},"modified":"2021-11-25T20:05:47","modified_gmt":"2021-11-25T19:05:47","slug":"sostenibilidad","status":"publish","type":"page","link":"https:\/\/www.atecyr.org\/blog\/sostenibilidad\/","title":{"rendered":"Sostenibilidad"},"content":{"rendered":"<ul class=\"lcp_catlist\" id=\"lcp_instance_0\"><li><a href=\"https:\/\/www.atecyr.org\/blog\/2024\/10\/30\/las-declaraciones-ambientales-de-producto-en-la-construccion-de-edificios\/\">Las Declaraciones Ambientales de Producto en la construcci\u00f3n de edificios<\/a><a href=\"https:\/\/www.atecyr.org\/blog\/2024\/10\/30\/las-declaraciones-ambientales-de-producto-en-la-construccion-de-edificios\/\" title=\"Las Declaraciones Ambientales de Producto en la construcci\u00f3n de edificios\"><img loading=\"lazy\" decoding=\"async\" width=\"150\" height=\"150\" src=\"https:\/\/www.atecyr.org\/blog\/wp-content\/uploads\/2024\/10\/Imagen-blog-Judith-fuera-150x150.png\" class=\"lcp_thumbnail no-lazy wp-post-image\" alt=\"Las Declaraciones Ambientales de Producto en la construcci\u00f3n de edificios\" srcset=\"https:\/\/www.atecyr.org\/blog\/wp-content\/uploads\/2024\/10\/Imagen-blog-Judith-fuera-150x150.png 150w, https:\/\/www.atecyr.org\/blog\/wp-content\/uploads\/2024\/10\/Imagen-blog-Judith-fuera-80x80.png 80w, https:\/\/www.atecyr.org\/blog\/wp-content\/uploads\/2024\/10\/Imagen-blog-Judith-fuera-320x320.png 320w\" sizes=\"(max-width: 150px) 100vw, 150px\" \/><\/a><div class=\"lcp_excerpt\">\n\n\n\nEn la construcci\u00f3n de edificios se consume una gran cantidad de recursos, que contribuyen al desgaste de nuestros ecosistemas. Al menos 1\/3 de los recursos globales los consumen los edificios construidos.\n\n\nSeg\u00fan el World Green Building Council, de los 19 Objetivos de Desarrollo Sostenible marcados por la agenda 2030, el ODS 12 es uno en los ...<\/div><\/li><li><a href=\"https:\/\/www.atecyr.org\/blog\/2024\/02\/12\/cop28-el-principio-del-fin\/\">COP28: \u00bfEl principio del fin?<\/a><div class=\"lcp_excerpt\">\n\n\n\n\n\nGabriel Barcel\u00f3 Rico-Avello\n\n\nSocio fundador y socio de honor de Atecyr\n\n\n28\u00aa Conferencia de las Partes de la Convenci\u00f3n Marco de Naciones Unidas sobre el Cambio Clim\u00e1tico \n\n\n\n\n\u00bfPodemos proponer que el balance final de la Conferencia COP28 es el principio del fin de la era del consumo indiscriminado de los combustibles f\u00f3siles?\n\n\nPues es posible que as\u00ed sea, ...<\/div><\/li><li><a href=\"https:\/\/www.atecyr.org\/blog\/2020\/12\/03\/analisis-sobre-climatizacion-sostenible-y-ii-por-gabriel-barcelo-rico-avello\/\">An\u00e1lisis sobre climatizaci\u00f3n sostenible II por Gabriel Barcel\u00f3 Rico-Avello<\/a><a href=\"https:\/\/www.atecyr.org\/blog\/2020\/12\/03\/analisis-sobre-climatizacion-sostenible-y-ii-por-gabriel-barcelo-rico-avello\/\" title=\"An\u00e1lisis sobre climatizaci\u00f3n sostenible II por Gabriel Barcel\u00f3 Rico-Avello\"><img loading=\"lazy\" decoding=\"async\" width=\"150\" height=\"150\" src=\"https:\/\/www.atecyr.org\/blog\/wp-content\/uploads\/2021\/07\/Barcelo-150x150.png\" class=\"lcp_thumbnail no-lazy wp-post-image\" alt=\"An\u00e1lisis sobre climatizaci\u00f3n sostenible II por Gabriel Barcel\u00f3 Rico-Avello\" srcset=\"https:\/\/www.atecyr.org\/blog\/wp-content\/uploads\/2021\/07\/Barcelo-150x150.png 150w, https:\/\/www.atecyr.org\/blog\/wp-content\/uploads\/2021\/07\/Barcelo-160x160.png 160w, https:\/\/www.atecyr.org\/blog\/wp-content\/uploads\/2021\/07\/Barcelo-320x320.png 320w\" sizes=\"(max-width: 150px) 100vw, 150px\" \/><\/a><div class=\"lcp_excerpt\">\n\n\n\nGabriel Barcel\u00f3 Rico-Avello\n\n\nSocio fundador y socio de honor de Atecyr\n\n\n\n\n\n\nEn nuestro texto anterior hemos visto como el Rocky Mountain Institute lleg\u00f3 al convencimiento de que era necesario generalizar el uso de la climatizaci\u00f3n a nivel mundial, y en absoluto el de restringir este servicio, pero que era posible la innovaci\u00f3n, con la instalaci\u00f3n de nuevos ...<\/div><\/li><li><a href=\"https:\/\/www.atecyr.org\/blog\/2020\/11\/30\/el-sector-edificatorio-y-su-compromiso-con-el-cambio-climatico-por-israel-ortega-cubero\/\">El sector edificatorio y su compromiso con el cambio clim\u00e1tico por Israel Ortega Cubero<\/a><a href=\"https:\/\/www.atecyr.org\/blog\/2020\/11\/30\/el-sector-edificatorio-y-su-compromiso-con-el-cambio-climatico-por-israel-ortega-cubero\/\" title=\"El sector edificatorio y su compromiso con el cambio clim\u00e1tico por Israel Ortega Cubero\"><img loading=\"lazy\" decoding=\"async\" width=\"150\" height=\"150\" src=\"https:\/\/www.atecyr.org\/blog\/wp-content\/uploads\/2020\/11\/Israel-Ortega-150x150.png\" class=\"lcp_thumbnail no-lazy wp-post-image\" alt=\"El sector edificatorio y su compromiso con el cambio clim\u00e1tico por Israel Ortega Cubero\" srcset=\"https:\/\/www.atecyr.org\/blog\/wp-content\/uploads\/2020\/11\/Israel-Ortega-150x150.png 150w, https:\/\/www.atecyr.org\/blog\/wp-content\/uploads\/2020\/11\/Israel-Ortega-160x160.png 160w, https:\/\/www.atecyr.org\/blog\/wp-content\/uploads\/2020\/11\/Israel-Ortega-320x320.png 320w\" sizes=\"(max-width: 150px) 100vw, 150px\" \/><\/a><div class=\"lcp_excerpt\">\n\n\n\nIsrael Ortega Cubero\n\n\nDirector de Formaci\u00f3n y Servicios T\u00e9cnicos Iberia de Uponor (Socio Protector de Atecyr)\n\n\n\n\n\n\nVivimos en tiempos de gran disrupci\u00f3n, debido principalmente a una serie de acontecimientos que han golpeado con fuerza a nuestro planeta, y que nos obligan a tomar decisiones de calado sobre nuestra relaci\u00f3n con respecto a nuestro entorno, la cuesti\u00f3n es: ...<\/div><\/li><li><a href=\"https:\/\/www.atecyr.org\/blog\/2020\/11\/10\/analisis-sobre-climatizacion-sostenible-i-por-gabriel-barcelo-rico-avello\/\">An\u00e1lisis sobre climatizaci\u00f3n sostenible I por Gabriel Barcel\u00f3 Rico-Avello<\/a><a href=\"https:\/\/www.atecyr.org\/blog\/2020\/11\/10\/analisis-sobre-climatizacion-sostenible-i-por-gabriel-barcelo-rico-avello\/\" title=\"An\u00e1lisis sobre climatizaci\u00f3n sostenible I por Gabriel Barcel\u00f3 Rico-Avello\"><img loading=\"lazy\" decoding=\"async\" width=\"150\" height=\"150\" src=\"https:\/\/www.atecyr.org\/blog\/wp-content\/uploads\/2021\/07\/Barcelo-150x150.png\" class=\"lcp_thumbnail no-lazy wp-post-image\" alt=\"An\u00e1lisis sobre climatizaci\u00f3n sostenible I por Gabriel Barcel\u00f3 Rico-Avello\" srcset=\"https:\/\/www.atecyr.org\/blog\/wp-content\/uploads\/2021\/07\/Barcelo-150x150.png 150w, https:\/\/www.atecyr.org\/blog\/wp-content\/uploads\/2021\/07\/Barcelo-160x160.png 160w, https:\/\/www.atecyr.org\/blog\/wp-content\/uploads\/2021\/07\/Barcelo-320x320.png 320w\" sizes=\"(max-width: 150px) 100vw, 150px\" \/><\/a><div class=\"lcp_excerpt\">\n\n\n\nGabriel Barcel\u00f3 Rico-Avello\n\n\nSocio fundador y socio de honor de Atecyr\n\n\n\n\n\n\nHemos comentado como en octubre de 2020, el Rocky Mountain Institute ha publicado un nuevo informe, dentro del Programa de Asistencia para la Gesti\u00f3n del Sector Energ\u00e9tico del Banco Mundial (ESMAP), titulado: Primer for Space Cooling (https:\/\/rmi.org\/primer-for-space-cooling\/), en el que destaca la necesidad de desarrollar soluciones ...<\/div><\/li><li><a href=\"https:\/\/www.atecyr.org\/blog\/2020\/09\/01\/tipos-de-estructuras-para-paneles-fotovoltaicos-por-toni-llonch\/\">Tipos de Estructuras para Paneles Fotovoltaicos  por Toni Llonch<\/a><a href=\"https:\/\/www.atecyr.org\/blog\/2020\/09\/01\/tipos-de-estructuras-para-paneles-fotovoltaicos-por-toni-llonch\/\" title=\"Tipos de Estructuras para Paneles Fotovoltaicos  por Toni Llonch\"><img loading=\"lazy\" decoding=\"async\" width=\"150\" height=\"150\" src=\"https:\/\/www.atecyr.org\/blog\/wp-content\/uploads\/2020\/09\/Walraven-portada-150x150.png\" class=\"lcp_thumbnail no-lazy wp-post-image\" alt=\"Tipos de Estructuras para Paneles Fotovoltaicos  por Toni Llonch\" srcset=\"https:\/\/www.atecyr.org\/blog\/wp-content\/uploads\/2020\/09\/Walraven-portada-150x150.png 150w, https:\/\/www.atecyr.org\/blog\/wp-content\/uploads\/2020\/09\/Walraven-portada-160x160.png 160w, https:\/\/www.atecyr.org\/blog\/wp-content\/uploads\/2020\/09\/Walraven-portada-320x320.png 320w\" sizes=\"(max-width: 150px) 100vw, 150px\" \/><\/a><div class=\"lcp_excerpt\">\n\n\n\nToni Llonch\n\n\nIngeniero t\u00e9cnico de Walraven (Socio Protector de Atecyr)\n\n\n\n\n\u00bfQu\u00e9 es la energ\u00eda solar fotovoltaica?\n\n\nLa energ\u00eda solar fotovoltaica es una fuente renovable, inagotable y no contaminante de energ\u00eda.&nbsp;Se obtiene al convertir la luz solar en electricidad gracias al efecto fotoel\u00e9ctrico (emisi\u00f3n de&nbsp;electrones por un material al incidir sobre \u00e9l una&nbsp;radiaci\u00f3n electromagn\u00e9tica). Espa\u00f1a es uno de los ...<\/div><\/li><li><a href=\"https:\/\/www.atecyr.org\/blog\/2020\/03\/17\/decalogo-de-atecyr-del-tecnico-de-climatizacion-y-refrigeracion-para-reducir-el-cambio-climatico\/\">Dec\u00e1logo de Atecyr del T\u00e9cnico de Climatizaci\u00f3n y Refrigeraci\u00f3n para reducir el cambio clim\u00e1tico<\/a><a href=\"https:\/\/www.atecyr.org\/blog\/2020\/03\/17\/decalogo-de-atecyr-del-tecnico-de-climatizacion-y-refrigeracion-para-reducir-el-cambio-climatico\/\" title=\"Dec\u00e1logo de Atecyr del T\u00e9cnico de Climatizaci\u00f3n y Refrigeraci\u00f3n para reducir el cambio clim\u00e1tico\"><img loading=\"lazy\" decoding=\"async\" width=\"150\" height=\"150\" src=\"https:\/\/www.atecyr.org\/blog\/wp-content\/uploads\/2020\/03\/dec\u00e1logo-150x150.jpg\" class=\"lcp_thumbnail no-lazy wp-post-image\" alt=\"Dec\u00e1logo de Atecyr del T\u00e9cnico de Climatizaci\u00f3n y Refrigeraci\u00f3n para reducir el cambio clim\u00e1tico\" srcset=\"https:\/\/www.atecyr.org\/blog\/wp-content\/uploads\/2020\/03\/dec\u00e1logo-150x150.jpg 150w, https:\/\/www.atecyr.org\/blog\/wp-content\/uploads\/2020\/03\/dec\u00e1logo-160x160.jpg 160w, https:\/\/www.atecyr.org\/blog\/wp-content\/uploads\/2020\/03\/dec\u00e1logo-320x320.jpg 320w\" sizes=\"(max-width: 150px) 100vw, 150px\" \/><\/a><div class=\"lcp_excerpt\">\nCon el objetivo de conocer cu\u00e1l es el grado de compromiso de los t\u00e9cnicos del sector de la Climatizaci\u00f3n y la Refrigeraci\u00f3n, hemos generado una consulta basada en el dec\u00e1logo de buenas pr\u00e1cticas anterior. Te agradecer\u00edamos que nos ayudes a extraer conclusiones, cumpliment\u00e1ndolo. Ser\u00e1n apenas un par de minutos \u00a1Te agradecemos tu tiempo de antemano!\n\n\nParticipa ...<\/div><\/li><li><a href=\"https:\/\/www.atecyr.org\/blog\/2020\/03\/17\/25a-conferencia-de-las-partes-de-la-convencion-marco-de-naciones-unidas-sobre-el-cambio-climatico-cop25\/\">25\u00aa Conferencia de las Partes de la Convenci\u00f3n Marco de Naciones Unidas sobre el Cambio Clim\u00e1tico (COP25), por Arcadio Garc\u00eda Lastra<\/a><a href=\"https:\/\/www.atecyr.org\/blog\/2020\/03\/17\/25a-conferencia-de-las-partes-de-la-convencion-marco-de-naciones-unidas-sobre-el-cambio-climatico-cop25\/\" title=\"25\u00aa Conferencia de las Partes de la Convenci\u00f3n Marco de Naciones Unidas sobre el Cambio Clim\u00e1tico (COP25), por Arcadio Garc\u00eda Lastra\"><img loading=\"lazy\" decoding=\"async\" width=\"150\" height=\"150\" src=\"https:\/\/www.atecyr.org\/blog\/wp-content\/uploads\/2019\/11\/Arcadio-blog-150x150.png\" class=\"lcp_thumbnail no-lazy wp-post-image\" alt=\"25\u00aa Conferencia de las Partes de la Convenci\u00f3n Marco de Naciones Unidas sobre el Cambio Clim\u00e1tico (COP25), por Arcadio Garc\u00eda Lastra\" srcset=\"https:\/\/www.atecyr.org\/blog\/wp-content\/uploads\/2019\/11\/Arcadio-blog-150x150.png 150w, https:\/\/www.atecyr.org\/blog\/wp-content\/uploads\/2019\/11\/Arcadio-blog-160x160.png 160w, https:\/\/www.atecyr.org\/blog\/wp-content\/uploads\/2019\/11\/Arcadio-blog-320x320.png 320w\" sizes=\"(max-width: 150px) 100vw, 150px\" \/><\/a><div class=\"lcp_excerpt\">\n\n\n\nArcadio Garc\u00eda Lastra\n\n\nSecretario T\u00e9cnico de Atecyr\n\n\n\n\nDel lunes 2 de diciembre de 2019, hasta el viernes 13 se ha celebrado en IFEMA, Madrid, la 25\u00aa Conferencia de las Partes de la Convenci\u00f3n Marco de Naciones Unidas sobre el Cambio Clim\u00e1tico (COP25). Atecyr ha realizado un seguimiento diario&nbsp;de los aspectos m\u00e1s relevantes que se han tratado en ...<\/div><\/li><li><a href=\"https:\/\/www.atecyr.org\/blog\/2019\/01\/10\/consejos-uso-eficiente-de-la-climatizacion\/\">Consejos uso eficiente de la climatizaci\u00f3n<\/a><a href=\"https:\/\/www.atecyr.org\/blog\/2019\/01\/10\/consejos-uso-eficiente-de-la-climatizacion\/\" title=\"Consejos uso eficiente de la climatizaci\u00f3n\"><img loading=\"lazy\" decoding=\"async\" width=\"150\" height=\"150\" src=\"https:\/\/www.atecyr.org\/blog\/wp-content\/uploads\/2019\/07\/Infograf\u00eda-9-150x150.jpg\" class=\"lcp_thumbnail no-lazy wp-post-image\" alt=\"Consejos uso eficiente de la climatizaci\u00f3n\" srcset=\"https:\/\/www.atecyr.org\/blog\/wp-content\/uploads\/2019\/07\/Infograf\u00eda-9-150x150.jpg 150w, https:\/\/www.atecyr.org\/blog\/wp-content\/uploads\/2019\/07\/Infograf\u00eda-9-160x160.jpg 160w, https:\/\/www.atecyr.org\/blog\/wp-content\/uploads\/2019\/07\/Infograf\u00eda-9-320x320.jpg 320w\" sizes=\"(max-width: 150px) 100vw, 150px\" \/><\/a><div class=\"lcp_excerpt\">\n\n\n\n\n<\/div><\/li><\/ul>\n","protected":false},"excerpt":{"rendered":"","protected":false},"author":1,"featured_media":0,"parent":0,"menu_order":0,"comment_status":"closed","ping_status":"closed","template":"","meta":{"footnotes":"","_vp_format_video_url":"","_vp_image_focal_point":[]},"post_mailing_queue_ids":[],"_links":{"self":[{"href":"https:\/\/www.atecyr.org\/blog\/wp-json\/wp\/v2\/pages\/544"}],"collection":[{"href":"https:\/\/www.atecyr.org\/blog\/wp-json\/wp\/v2\/pages"}],"about":[{"href":"https:\/\/www.atecyr.org\/blog\/wp-json\/wp\/v2\/types\/page"}],"author":[{"embeddable":true,"href":"https:\/\/www.atecyr.org\/blog\/wp-json\/wp\/v2\/users\/1"}],"replies":[{"embeddable":true,"href":"https:\/\/www.atecyr.org\/blog\/wp-json\/wp\/v2\/comments?post=544"}],"version-history":[{"count":4,"href":"https:\/\/www.atecyr.org\/blog\/wp-json\/wp\/v2\/pages\/544\/revisions"}],"predecessor-version":[{"id":2359,"href":"https:\/\/www.atecyr.org\/blog\/wp-json\/wp\/v2\/pages\/544\/revisions\/2359"}],"wp:attachment":[{"href":"https:\/\/www.atecyr.org\/blog\/wp-json\/wp\/v2\/media?parent=544"}],"curies":[{"name":"wp","href":"https:\/\/api.w.org\/{rel}","templated":true}]}}