{"id":538,"date":"2019-04-06T18:27:08","date_gmt":"2019-04-06T18:27:08","guid":{"rendered":"https:\/\/www.atecyr.org\/blog\/?page_id=538"},"modified":"2021-11-25T09:00:47","modified_gmt":"2021-11-25T08:00:47","slug":"legislacion-y-normativa","status":"publish","type":"page","link":"https:\/\/www.atecyr.org\/blog\/legislacion-y-normativa\/","title":{"rendered":"Legislaci\u00f3n y normativa"},"content":{"rendered":"<ul class=\"lcp_catlist\" id=\"lcp_instance_0\"><li><a href=\"https:\/\/www.atecyr.org\/blog\/2023\/11\/21\/aplicaciones-practicas-del-sistema-de-certificados-de-ahorro-energetico-caes-2\/\">Aplicaciones pr\u00e1cticas del Sistema de Certificados de Ahorro Energ\u00e9tico (CAEs)<\/a><a href=\"https:\/\/www.atecyr.org\/blog\/2023\/11\/21\/aplicaciones-practicas-del-sistema-de-certificados-de-ahorro-energetico-caes-2\/\" title=\"Aplicaciones pr\u00e1cticas del Sistema de Certificados de Ahorro Energ\u00e9tico (CAEs)\"><img loading=\"lazy\" decoding=\"async\" width=\"150\" height=\"150\" src=\"https:\/\/www.atecyr.org\/blog\/wp-content\/uploads\/2023\/11\/caes-150x150.jpg\" class=\"lcp_thumbnail no-lazy wp-post-image\" alt=\"Aplicaciones pr\u00e1cticas del Sistema de Certificados de Ahorro Energ\u00e9tico (CAEs)\" srcset=\"https:\/\/www.atecyr.org\/blog\/wp-content\/uploads\/2023\/11\/caes-150x150.jpg 150w, https:\/\/www.atecyr.org\/blog\/wp-content\/uploads\/2023\/11\/caes-80x80.jpg 80w, https:\/\/www.atecyr.org\/blog\/wp-content\/uploads\/2023\/11\/caes-320x320.jpg 320w\" sizes=\"(max-width: 150px) 100vw, 150px\" \/><\/a><div class=\"lcp_excerpt\">\n\n\n\nJorge Molina Torres\n\n\nSecretario T\u00e9cnico de Atecyr\n\n\n\n\n\n\n\n\n\n\nEn la Jornada T\u00e9cnica sobre primeras experiencias con los CAEs, organizada por Atecyr en el seno del Foro C&amp;R de la Feria de Climatizaci\u00f3n y Refrigeraci\u00f3n 2023 el d\u00eda 16 de noviembre a las 16:00 horas, se explic\u00f3 a los asistentes el Sistema de Certificados de Ahorro Energ\u00e9tico (CAEs) y ...<\/div><\/li><li><a href=\"https:\/\/www.atecyr.org\/blog\/2023\/10\/13\/directiva-europea-de-eficiencia-energetica-directiva-2023-1791-ue-por-arcadio-garcia-lastra\/\">Directiva Europea de Eficiencia Energ\u00e9tica (Directiva 2023\/1791\/UE) por Arcadio Garc\u00eda Lastra<\/a><a href=\"https:\/\/www.atecyr.org\/blog\/2023\/10\/13\/directiva-europea-de-eficiencia-energetica-directiva-2023-1791-ue-por-arcadio-garcia-lastra\/\" title=\"Directiva Europea de Eficiencia Energ\u00e9tica (Directiva 2023\/1791\/UE) por Arcadio Garc\u00eda Lastra\"><img loading=\"lazy\" decoding=\"async\" width=\"150\" height=\"150\" src=\"https:\/\/www.atecyr.org\/blog\/wp-content\/uploads\/2023\/10\/AGL1-2-150x150.png\" class=\"lcp_thumbnail no-lazy wp-post-image\" alt=\"Directiva Europea de Eficiencia Energ\u00e9tica (Directiva 2023\/1791\/UE) por Arcadio Garc\u00eda Lastra\" srcset=\"https:\/\/www.atecyr.org\/blog\/wp-content\/uploads\/2023\/10\/AGL1-2-150x150.png 150w, https:\/\/www.atecyr.org\/blog\/wp-content\/uploads\/2023\/10\/AGL1-2-80x80.png 80w, https:\/\/www.atecyr.org\/blog\/wp-content\/uploads\/2023\/10\/AGL1-2-320x320.png 320w\" sizes=\"(max-width: 150px) 100vw, 150px\" \/><\/a><div class=\"lcp_excerpt\">\n\n\n\nArcadio Garc\u00eda Lastra\n\n\nSecretario del Comit\u00e9 T\u00e9cnico de Atecyr\n\n\n\n\n\n\n\n\n\n\nMe gustar\u00eda comenzar este art\u00edculo contextualizando sucintamente el escenario geopol\u00edtico en el que nos encontramos, estando, a mi modo de ver, marcado por 4 factores:\n\n\n\nLa recuperaci\u00f3n econ\u00f3mica post-pandemia (con ayuda de fondos europeos).\n\n\nLa crisis energ\u00e9tica derivada del conflicto b\u00e9lico en Ucrania.\n\n\nEl cambio global de los mercados energ\u00e9ticos (mercado ...<\/div><\/li><li><a href=\"https:\/\/www.atecyr.org\/blog\/2023\/10\/02\/novedades-de-la-directiva-europea-de-eficiencia-energetica-epbd-por-arcadio-garcia-lastra\/\">Novedades de la Directiva europea de Eficiencia Energ\u00e9tica (EPBD) por Arcadio Garc\u00eda Lastra<\/a><a href=\"https:\/\/www.atecyr.org\/blog\/2023\/10\/02\/novedades-de-la-directiva-europea-de-eficiencia-energetica-epbd-por-arcadio-garcia-lastra\/\" title=\"Novedades de la Directiva europea de Eficiencia Energ\u00e9tica (EPBD) por Arcadio Garc\u00eda Lastra\"><img loading=\"lazy\" decoding=\"async\" width=\"150\" height=\"150\" src=\"https:\/\/www.atecyr.org\/blog\/wp-content\/uploads\/2023\/10\/Arcadio-150x150.png\" class=\"lcp_thumbnail no-lazy wp-post-image\" alt=\"Novedades de la Directiva europea de Eficiencia Energ\u00e9tica (EPBD) por Arcadio Garc\u00eda Lastra\" srcset=\"https:\/\/www.atecyr.org\/blog\/wp-content\/uploads\/2023\/10\/Arcadio-150x150.png 150w, https:\/\/www.atecyr.org\/blog\/wp-content\/uploads\/2023\/10\/Arcadio-80x80.png 80w, https:\/\/www.atecyr.org\/blog\/wp-content\/uploads\/2023\/10\/Arcadio-320x320.png 320w\" sizes=\"(max-width: 150px) 100vw, 150px\" \/><\/a><div class=\"lcp_excerpt\">\n\n\n\nArcadio Garc\u00eda Lastra\n\n\nSecretario del Comit\u00e9 T\u00e9cnico de Atecyr\n\n\n\n\n\n\n\n\nMe gustar\u00eda comenzar este art\u00edculo, contextualizando sucintamente el escenario geopol\u00edtico en el que nos encontramos, estando, a mi modo de ver, marcado por 4 factores:\n\n\n\nRecuperaci\u00f3n econ\u00f3mica post-pandemia (con ayuda de fondos europeos).\nCrisis energ\u00e9tica derivada del conflicto b\u00e9lico en Ucrania.\nCambio global de los mercados energ\u00e9ticos (mercado \u00danico Europeo).\nLucha contra ...<\/div><\/li><li><a href=\"https:\/\/www.atecyr.org\/blog\/2023\/09\/25\/presurizacion-de-vias-de-evacuacion-cambios-normativos-por-miguel-garcia\/\">Presurizaci\u00f3n de v\u00edas de evacuaci\u00f3n: cambios normativos por Miguel Garc\u00eda<\/a><a href=\"https:\/\/www.atecyr.org\/blog\/2023\/09\/25\/presurizacion-de-vias-de-evacuacion-cambios-normativos-por-miguel-garcia\/\" title=\"Presurizaci\u00f3n de v\u00edas de evacuaci\u00f3n: cambios normativos por Miguel Garc\u00eda\"><img loading=\"lazy\" decoding=\"async\" width=\"150\" height=\"150\" src=\"https:\/\/www.atecyr.org\/blog\/wp-content\/uploads\/2023\/09\/Miguel-Garcia-Sodeca-150x150.png\" class=\"lcp_thumbnail no-lazy wp-post-image\" alt=\"Presurizaci\u00f3n de v\u00edas de evacuaci\u00f3n: cambios normativos por Miguel Garc\u00eda\" srcset=\"https:\/\/www.atecyr.org\/blog\/wp-content\/uploads\/2023\/09\/Miguel-Garcia-Sodeca-150x150.png 150w, https:\/\/www.atecyr.org\/blog\/wp-content\/uploads\/2023\/09\/Miguel-Garcia-Sodeca-80x80.png 80w, https:\/\/www.atecyr.org\/blog\/wp-content\/uploads\/2023\/09\/Miguel-Garcia-Sodeca-320x320.png 320w\" sizes=\"(max-width: 150px) 100vw, 150px\" \/><\/a><div class=\"lcp_excerpt\">\n\n\n\nMiguel Garc\u00eda\n\n\nHVAC &amp; Smoke Control Engineer en SODECA S.L.U.\n\n\n\n\n\n\n\n\nLos sistemas de presurizaci\u00f3n est\u00e1n cada vez m\u00e1s presentes en los proyectos para garantizar unas condiciones adecuadas de seguridad en la evacuaci\u00f3n de los edificios. Se basan en la impulsi\u00f3n de aire en habit\u00e1culos que son utilizados como v\u00edas de evacuaci\u00f3n de personas en caso de incendio, ...<\/div><\/li><li><a href=\"https:\/\/www.atecyr.org\/blog\/2023\/03\/10\/los-gases-refrigerantes-fluorados-tendencias-normativas-por-javier-cano-cavanillas\/\">Los gases refrigerantes fluorados; tendencias normativas por Javier Cano Cavanillas<\/a><a href=\"https:\/\/www.atecyr.org\/blog\/2023\/03\/10\/los-gases-refrigerantes-fluorados-tendencias-normativas-por-javier-cano-cavanillas\/\" title=\"Los gases refrigerantes fluorados; tendencias normativas por Javier Cano Cavanillas\"><img loading=\"lazy\" decoding=\"async\" width=\"150\" height=\"150\" src=\"https:\/\/www.atecyr.org\/blog\/wp-content\/uploads\/2023\/03\/Javier-Cano-1-150x150.png\" class=\"lcp_thumbnail no-lazy wp-post-image\" alt=\"Los gases refrigerantes fluorados; tendencias normativas por Javier Cano Cavanillas\" srcset=\"https:\/\/www.atecyr.org\/blog\/wp-content\/uploads\/2023\/03\/Javier-Cano-1-150x150.png 150w, https:\/\/www.atecyr.org\/blog\/wp-content\/uploads\/2023\/03\/Javier-Cano-1-80x80.png 80w, https:\/\/www.atecyr.org\/blog\/wp-content\/uploads\/2023\/03\/Javier-Cano-1-320x320.png 320w\" sizes=\"(max-width: 150px) 100vw, 150px\" \/><\/a><div class=\"lcp_excerpt\">\n\n\n\nJavier Cano Cavanillas\n\n\nSubdirector de Intarcon (Socio Protector de Atecyr N\u00ba 02295)\n\n\n\n\n\n\nLa evoluci\u00f3n del marco normativo de los gases fluorados ha propiciado el desarrollo de no pocos sistemas alternativos a los tradicionales sistemas de expansi\u00f3n directa. El peque\u00f1o instalador de nivel I se plantea frecuentes dudas sobre la continuidad de los refrigerantes fluorados y la viabilidad ...<\/div><\/li><li><a href=\"https:\/\/www.atecyr.org\/blog\/2022\/05\/17\/dudas-de-las-potencias-para-inspecciones-por-ricardo-garcia-san-jose\/\">Comentarios a la nota de 07\/03\/2022 aclaratoria del RITE por Ricardo Garc\u00eda San Jos\u00e9<\/a><a href=\"https:\/\/www.atecyr.org\/blog\/2022\/05\/17\/dudas-de-las-potencias-para-inspecciones-por-ricardo-garcia-san-jose\/\" title=\"Comentarios a la nota de 07\/03\/2022 aclaratoria del RITE por Ricardo Garc\u00eda San Jos\u00e9\"><img loading=\"lazy\" decoding=\"async\" width=\"150\" height=\"150\" src=\"https:\/\/www.atecyr.org\/blog\/wp-content\/uploads\/2022\/05\/RGSJ-150x150.png\" class=\"lcp_thumbnail no-lazy wp-post-image\" alt=\"Comentarios a la nota de 07\/03\/2022 aclaratoria del RITE por Ricardo Garc\u00eda San Jos\u00e9\" srcset=\"https:\/\/www.atecyr.org\/blog\/wp-content\/uploads\/2022\/05\/RGSJ-150x150.png 150w, https:\/\/www.atecyr.org\/blog\/wp-content\/uploads\/2022\/05\/RGSJ-80x80.png 80w, https:\/\/www.atecyr.org\/blog\/wp-content\/uploads\/2022\/05\/RGSJ-320x320.png 320w\" sizes=\"(max-width: 150px) 100vw, 150px\" \/><\/a><div class=\"lcp_excerpt\">\n\n\n\nRicardo Garc\u00eda San Jos\u00e9\n\n\nVicepresidente del Comit\u00e9 T\u00e9cnico de Atecyr\n\n\n\n\n\n\nEl pasado 7 de marzo de 2022 el Ministerio para la Transici\u00f3n Ecol\u00f3gica y el Reto Demogr\u00e1fico ha publicado una nota aclaratoria para la aplicaci\u00f3n del RD 178\/2021 de 23 de marzo, que modifica al RITE, lo que en el sector hemos interpretado como Modificaciones al RITE: ...<\/div><\/li><li><a href=\"https:\/\/www.atecyr.org\/blog\/2021\/04\/08\/conexion-de-la-legislacion-relativa-a-la-eficiencia-energetica-de-los-edificios-en-espana-por-arcadio-garcia-lastra\/\">Conexi\u00f3n de la legislaci\u00f3n relativa a la Eficiencia Energ\u00e9tica de los Edificios en Espa\u00f1a por Arcadio Garc\u00eda Lastra<\/a><a href=\"https:\/\/www.atecyr.org\/blog\/2021\/04\/08\/conexion-de-la-legislacion-relativa-a-la-eficiencia-energetica-de-los-edificios-en-espana-por-arcadio-garcia-lastra\/\" title=\"Conexi\u00f3n de la legislaci\u00f3n relativa a la Eficiencia Energ\u00e9tica de los Edificios en Espa\u00f1a por Arcadio Garc\u00eda Lastra\"><img loading=\"lazy\" decoding=\"async\" width=\"150\" height=\"150\" src=\"https:\/\/www.atecyr.org\/blog\/wp-content\/uploads\/2019\/11\/Arcadio-blog-150x150.png\" class=\"lcp_thumbnail no-lazy wp-post-image\" alt=\"Conexi\u00f3n de la legislaci\u00f3n relativa a la Eficiencia Energ\u00e9tica de los Edificios en Espa\u00f1a por Arcadio Garc\u00eda Lastra\" srcset=\"https:\/\/www.atecyr.org\/blog\/wp-content\/uploads\/2019\/11\/Arcadio-blog-150x150.png 150w, https:\/\/www.atecyr.org\/blog\/wp-content\/uploads\/2019\/11\/Arcadio-blog-160x160.png 160w, https:\/\/www.atecyr.org\/blog\/wp-content\/uploads\/2019\/11\/Arcadio-blog-320x320.png 320w\" sizes=\"(max-width: 150px) 100vw, 150px\" \/><\/a><div class=\"lcp_excerpt\">\n\n\n\nArcadio Garc\u00eda Lastra\n\n\nSecretario T\u00e9cnico de Atecyr\n\n\n\n\n\n\nActualmente en Espa\u00f1a existen textos legislativos y programas de simulaci\u00f3n computacional (PSC), que regulan, de forma directa o indirecta, la evaluaci\u00f3n de la Eficiencia Energ\u00e9tica de los Edificios (EEE). Dichos textos y PSC est\u00e1n publicados en documentos jur\u00eddicos vinculantes diferentes.\n\n\nEsto est\u00e1 originando dos fen\u00f3menos contraproducentes que frenan el impulso, desarrollo ...<\/div><\/li><li><a href=\"https:\/\/www.atecyr.org\/blog\/2021\/02\/03\/impulso-a-la-formacion-profesional-por-gabriel-barcelo-rico-avello\/\">Impulso a la formaci\u00f3n profesional por Gabriel Barcel\u00f3 Rico-Avello<\/a><a href=\"https:\/\/www.atecyr.org\/blog\/2021\/02\/03\/impulso-a-la-formacion-profesional-por-gabriel-barcelo-rico-avello\/\" title=\"Impulso a la formaci\u00f3n profesional por Gabriel Barcel\u00f3 Rico-Avello\"><img loading=\"lazy\" decoding=\"async\" width=\"150\" height=\"150\" src=\"https:\/\/www.atecyr.org\/blog\/wp-content\/uploads\/2021\/07\/Barcelo-150x150.png\" class=\"lcp_thumbnail no-lazy wp-post-image\" alt=\"Impulso a la formaci\u00f3n profesional por Gabriel Barcel\u00f3 Rico-Avello\" srcset=\"https:\/\/www.atecyr.org\/blog\/wp-content\/uploads\/2021\/07\/Barcelo-150x150.png 150w, https:\/\/www.atecyr.org\/blog\/wp-content\/uploads\/2021\/07\/Barcelo-160x160.png 160w, https:\/\/www.atecyr.org\/blog\/wp-content\/uploads\/2021\/07\/Barcelo-320x320.png 320w\" sizes=\"(max-width: 150px) 100vw, 150px\" \/><\/a><div class=\"lcp_excerpt\">\n\n\n\nGabriel Barcel\u00f3 Rico-Avello\n\n\nSocio fundador y socio de honor de Atecyr\n\n\n\n\n\n\nEn el sistema educativo espa\u00f1ol encontramos la formaci\u00f3n profesional (FP), encaminada a que los j\u00f3venes puedan acceder al mercado laboral debidamente capacitados. Por tanto, por esta v\u00eda se pretende la inserci\u00f3n, reinserci\u00f3n y actualizaci\u00f3n laboral, aumentando y adecuando el conocimiento y habilidades de los actuales y ...<\/div><\/li><li><a href=\"https:\/\/www.atecyr.org\/blog\/2020\/03\/17\/el-nuevo-documento-basico-de-ahorro-de-energia-del-cte-2019-por-pedro-vicente-quiles\/\">El nuevo Documento B\u00e1sico de Ahorro de Energ\u00eda del CTE 2019 por Pedro Vicente Quiles<\/a><a href=\"https:\/\/www.atecyr.org\/blog\/2020\/03\/17\/el-nuevo-documento-basico-de-ahorro-de-energia-del-cte-2019-por-pedro-vicente-quiles\/\" title=\"El nuevo Documento B\u00e1sico de Ahorro de Energ\u00eda del CTE 2019 por Pedro Vicente Quiles\"><img loading=\"lazy\" decoding=\"async\" width=\"150\" height=\"150\" src=\"https:\/\/www.atecyr.org\/blog\/wp-content\/uploads\/2019\/06\/Pedro-blog-150x150.jpg\" class=\"lcp_thumbnail no-lazy wp-post-image\" alt=\"El nuevo Documento B\u00e1sico de Ahorro de Energ\u00eda del CTE 2019 por Pedro Vicente Quiles\" srcset=\"https:\/\/www.atecyr.org\/blog\/wp-content\/uploads\/2019\/06\/Pedro-blog-150x150.jpg 150w, https:\/\/www.atecyr.org\/blog\/wp-content\/uploads\/2019\/06\/Pedro-blog-160x160.jpg 160w, https:\/\/www.atecyr.org\/blog\/wp-content\/uploads\/2019\/06\/Pedro-blog-320x320.jpg 320w\" sizes=\"(max-width: 150px) 100vw, 150px\" \/><\/a><div class=\"lcp_excerpt\">\n\n\n\nPedro Vicente Quiles\n\n\nVicepresidente Ejecutivo del Comit\u00e9 T\u00e9cnico de Atecyr\n\n\n\n\n\n\nLos esfuerzos de la UE en relaci\u00f3n a los \u201cacuerdos de Par\u00eds\u00bb, est\u00e1n claramente establecidos para el sector de la construcci\u00f3n en las Directivas recientemente aprobadas. Los pa\u00edses miembros deben establecer una hoja de ruta hacia el objetivo de la descarbonizaci\u00f3n de los edificios en el a\u00f1o ...<\/div><\/li><li><a href=\"https:\/\/www.atecyr.org\/blog\/2020\/03\/05\/licitar-servicios-energeticos-una-carrera-de-fondo\/\">Licitar servicios energ\u00e9ticos: una carrera de fondo por \u00c1lvaro Pastor Peral<\/a><a href=\"https:\/\/www.atecyr.org\/blog\/2020\/03\/05\/licitar-servicios-energeticos-una-carrera-de-fondo\/\" title=\"Licitar servicios energ\u00e9ticos: una carrera de fondo por \u00c1lvaro Pastor Peral\"><img loading=\"lazy\" decoding=\"async\" width=\"150\" height=\"150\" src=\"https:\/\/www.atecyr.org\/blog\/wp-content\/uploads\/2019\/06\/\u00c1lvaro-150x150.png\" class=\"lcp_thumbnail no-lazy wp-post-image\" alt=\"Licitar servicios energ\u00e9ticos: una carrera de fondo por \u00c1lvaro Pastor Peral\" srcset=\"https:\/\/www.atecyr.org\/blog\/wp-content\/uploads\/2019\/06\/\u00c1lvaro-150x150.png 150w, https:\/\/www.atecyr.org\/blog\/wp-content\/uploads\/2019\/06\/\u00c1lvaro-160x160.png 160w, https:\/\/www.atecyr.org\/blog\/wp-content\/uploads\/2019\/06\/\u00c1lvaro-320x320.png 320w\" sizes=\"(max-width: 150px) 100vw, 150px\" \/><\/a><div class=\"lcp_excerpt\">\n\n\n\n \u00c1lvaro Pastor Peral\n\n\nVicepresidente agrupaci\u00f3n de Atecyr Comunidad Valenciana\n\n\nDirector de \u00c1rea de Desarrollo Sostenible en APPREZIA MEJORES PR\u00c1CTICAS\n\n\n\n\n\n\nComo suele suceder en materia de eficiencia energ\u00e9tica, medioambiente y sostenibilidad, las Directivas Europeas marcan el paso sobre el qu\u00e9 y el c\u00f3mo transponer a los Estados de la Uni\u00f3n su articulado. El cu\u00e1ndo hacerlo, a pesar de ...<\/div><\/li><\/ul><ul class='lcp_paginator'><li class='lcp_currentpage'>1<\/li><li><a href='https:\/\/www.atecyr.org\/blog\/wp-json\/wp\/v2\/pages\/538?lcp_page0=2#lcp_instance_0' title='2'>2<\/a><\/li><li><a href='https:\/\/www.atecyr.org\/blog\/wp-json\/wp\/v2\/pages\/538?lcp_page0=2#lcp_instance_0' title='2' class='lcp_nextlink'>&gt;&gt;<\/a><\/li><\/ul>\n","protected":false},"excerpt":{"rendered":"","protected":false},"author":1,"featured_media":0,"parent":0,"menu_order":0,"comment_status":"closed","ping_status":"closed","template":"","meta":{"footnotes":"","_vp_format_video_url":"","_vp_image_focal_point":[]},"post_mailing_queue_ids":[],"_links":{"self":[{"href":"https:\/\/www.atecyr.org\/blog\/wp-json\/wp\/v2\/pages\/538"}],"collection":[{"href":"https:\/\/www.atecyr.org\/blog\/wp-json\/wp\/v2\/pages"}],"about":[{"href":"https:\/\/www.atecyr.org\/blog\/wp-json\/wp\/v2\/types\/page"}],"author":[{"embeddable":true,"href":"https:\/\/www.atecyr.org\/blog\/wp-json\/wp\/v2\/users\/1"}],"replies":[{"embeddable":true,"href":"https:\/\/www.atecyr.org\/blog\/wp-json\/wp\/v2\/comments?post=538"}],"version-history":[{"count":7,"href":"https:\/\/www.atecyr.org\/blog\/wp-json\/wp\/v2\/pages\/538\/revisions"}],"predecessor-version":[{"id":2351,"href":"https:\/\/www.atecyr.org\/blog\/wp-json\/wp\/v2\/pages\/538\/revisions\/2351"}],"wp:attachment":[{"href":"https:\/\/www.atecyr.org\/blog\/wp-json\/wp\/v2\/media?parent=538"}],"curies":[{"name":"wp","href":"https:\/\/api.w.org\/{rel}","templated":true}]}}