{"id":536,"date":"2019-04-06T18:26:29","date_gmt":"2019-04-06T18:26:29","guid":{"rendered":"https:\/\/www.atecyr.org\/blog\/?page_id=536"},"modified":"2021-11-25T09:00:29","modified_gmt":"2021-11-25T08:00:29","slug":"idi","status":"publish","type":"page","link":"https:\/\/www.atecyr.org\/blog\/idi\/","title":{"rendered":"I+D+i"},"content":{"rendered":"<ul class=\"lcp_catlist\" id=\"lcp_instance_0\"><li><a href=\"https:\/\/www.atecyr.org\/blog\/2021\/02\/26\/caracterizacion-experimental-de-un-ciclo-de-compresion-de-vapor-de-co2-transcritico-con-un-subcooling-termoelectrico-por-asur-menendez-inchusta\/\">Caracterizaci\u00f3n experimental de un ciclo de compresi\u00f3n de vapor de CO2 transcr\u00edtico con un subcooling termoel\u00e9ctrico por Asur Men\u00e9ndez Inchusta<\/a><a href=\"https:\/\/www.atecyr.org\/blog\/2021\/02\/26\/caracterizacion-experimental-de-un-ciclo-de-compresion-de-vapor-de-co2-transcritico-con-un-subcooling-termoelectrico-por-asur-menendez-inchusta\/\" title=\"Caracterizaci\u00f3n experimental de un ciclo de compresi\u00f3n de vapor de CO2 transcr\u00edtico con un subcooling termoel\u00e9ctrico por Asur Men\u00e9ndez Inchusta\"><img loading=\"lazy\" decoding=\"async\" width=\"150\" height=\"150\" src=\"https:\/\/www.atecyr.org\/blog\/wp-content\/uploads\/2021\/02\/Asur-Menendez-Inchust-150x150.png\" class=\"lcp_thumbnail no-lazy wp-post-image\" alt=\"Caracterizaci\u00f3n experimental de un ciclo de compresi\u00f3n de vapor de CO2 transcr\u00edtico con un subcooling termoel\u00e9ctrico por Asur Men\u00e9ndez Inchusta\" srcset=\"https:\/\/www.atecyr.org\/blog\/wp-content\/uploads\/2021\/02\/Asur-Menendez-Inchust-150x150.png 150w, https:\/\/www.atecyr.org\/blog\/wp-content\/uploads\/2021\/02\/Asur-Menendez-Inchust-160x160.png 160w, https:\/\/www.atecyr.org\/blog\/wp-content\/uploads\/2021\/02\/Asur-Menendez-Inchust-320x320.png 320w\" sizes=\"(max-width: 150px) 100vw, 150px\" \/><\/a><div class=\"lcp_excerpt\">\n\n\n\nAsur Men\u00e9ndez Inchusta \n\n\nPrimer Premio de Atecyr HVACR 2019 (Socio de Atecyr N\u00ba 13164)\n\n\n\n\n\n\n\n\nLa mayor\u00eda de las personas en nuestra \u00e9poca de estudios, hemos tenido ciertas asignaturas o campos de estudio que, de una forma totalmente irracional, nos llaman especialmente la atenci\u00f3n. Desde que asist\u00ed a mi primera clase de transferencia de calor ya ten\u00eda ...<\/div><\/li><li><a href=\"https:\/\/www.atecyr.org\/blog\/2019\/06\/01\/sobre-el-uso-de-la-termoelectricidad-para-calefaccion-y-refrigeracion-en-edificios\/\">Sobre el uso de la termoelectricidad para calefacci\u00f3n y refrigeraci\u00f3n en edificios* por C\u00e9sar Mart\u00edn-G\u00f3mez y Amaia Zuazua-Ros<\/a><a href=\"https:\/\/www.atecyr.org\/blog\/2019\/06\/01\/sobre-el-uso-de-la-termoelectricidad-para-calefaccion-y-refrigeracion-en-edificios\/\" title=\"Sobre el uso de la termoelectricidad para calefacci\u00f3n y refrigeraci\u00f3n en edificios* por C\u00e9sar Mart\u00edn-G\u00f3mez y Amaia Zuazua-Ros\"><img loading=\"lazy\" decoding=\"async\" width=\"150\" height=\"150\" src=\"https:\/\/www.atecyr.org\/blog\/wp-content\/uploads\/2019\/06\/Cesar-y-Amaia-150x150.png\" class=\"lcp_thumbnail no-lazy wp-post-image\" alt=\"Sobre el uso de la termoelectricidad para calefacci\u00f3n y refrigeraci\u00f3n en edificios* por C\u00e9sar Mart\u00edn-G\u00f3mez y Amaia Zuazua-Ros\" srcset=\"https:\/\/www.atecyr.org\/blog\/wp-content\/uploads\/2019\/06\/Cesar-y-Amaia-150x150.png 150w, https:\/\/www.atecyr.org\/blog\/wp-content\/uploads\/2019\/06\/Cesar-y-Amaia-160x160.png 160w, https:\/\/www.atecyr.org\/blog\/wp-content\/uploads\/2019\/06\/Cesar-y-Amaia-320x320.png 320w\" sizes=\"(max-width: 150px) 100vw, 150px\" \/><\/a><div class=\"lcp_excerpt\">\n\n\n\nC\u00e9sar Mart\u00edn-G\u00f3mez\n\n\nInvestigador y profesor. Departamento de Construcci\u00f3n, Instalaciones y Estructura. Universidad de Navarra.                                           ...<\/div><\/li><\/ul>\n","protected":false},"excerpt":{"rendered":"","protected":false},"author":1,"featured_media":0,"parent":0,"menu_order":0,"comment_status":"closed","ping_status":"closed","template":"","meta":{"footnotes":"","_vp_format_video_url":"","_vp_image_focal_point":[]},"post_mailing_queue_ids":[],"_links":{"self":[{"href":"https:\/\/www.atecyr.org\/blog\/wp-json\/wp\/v2\/pages\/536"}],"collection":[{"href":"https:\/\/www.atecyr.org\/blog\/wp-json\/wp\/v2\/pages"}],"about":[{"href":"https:\/\/www.atecyr.org\/blog\/wp-json\/wp\/v2\/types\/page"}],"author":[{"embeddable":true,"href":"https:\/\/www.atecyr.org\/blog\/wp-json\/wp\/v2\/users\/1"}],"replies":[{"embeddable":true,"href":"https:\/\/www.atecyr.org\/blog\/wp-json\/wp\/v2\/comments?post=536"}],"version-history":[{"count":5,"href":"https:\/\/www.atecyr.org\/blog\/wp-json\/wp\/v2\/pages\/536\/revisions"}],"predecessor-version":[{"id":2350,"href":"https:\/\/www.atecyr.org\/blog\/wp-json\/wp\/v2\/pages\/536\/revisions\/2350"}],"wp:attachment":[{"href":"https:\/\/www.atecyr.org\/blog\/wp-json\/wp\/v2\/media?parent=536"}],"curies":[{"name":"wp","href":"https:\/\/api.w.org\/{rel}","templated":true}]}}