{"id":534,"date":"2019-04-06T18:25:08","date_gmt":"2019-04-06T16:25:08","guid":{"rendered":"https:\/\/www.atecyr.org\/blog\/?page_id=534"},"modified":"2022-01-24T18:27:30","modified_gmt":"2022-01-24T17:27:30","slug":"eficiencia-energetica-y-descarbonizacion","status":"publish","type":"page","link":"https:\/\/www.atecyr.org\/blog\/eficiencia-energetica-y-descarbonizacion\/","title":{"rendered":"Eficiencia Energ\u00e9tica y descarbonizaci\u00f3n"},"content":{"rendered":"<ul class=\"lcp_catlist\" id=\"lcp_instance_0\"><li><a href=\"https:\/\/www.atecyr.org\/blog\/2026\/02\/12\/la-influencia-de-la-solera-placa-mortero-en-la-eficiencia-energetica-de-los-sistemas-de-calefaccion-refrigeracion-por-suelo-radiante-es-la-encargada-de-la-distribucion-y-emision-del-calor-por-inaki\/\">La influencia de la solera (placa-mortero) en la eficiencia energ\u00e9tica de los sistemas de calefacci\u00f3n\/refrigeraci\u00f3n por suelo radiante, es la encargada de la distribuci\u00f3n y emisi\u00f3n del calor por I\u00f1aki Isusi Navarro<\/a><a href=\"https:\/\/www.atecyr.org\/blog\/2026\/02\/12\/la-influencia-de-la-solera-placa-mortero-en-la-eficiencia-energetica-de-los-sistemas-de-calefaccion-refrigeracion-por-suelo-radiante-es-la-encargada-de-la-distribucion-y-emision-del-calor-por-inaki\/\" title=\"La influencia de la solera (placa-mortero) en la eficiencia energ\u00e9tica de los sistemas de calefacci\u00f3n\/refrigeraci\u00f3n por suelo radiante, es la encargada de la distribuci\u00f3n y emisi\u00f3n del calor por I\u00f1aki Isusi Navarro\"><img loading=\"lazy\" decoding=\"async\" width=\"150\" height=\"150\" src=\"https:\/\/www.atecyr.org\/blog\/wp-content\/uploads\/2026\/02\/Inaki-Anhyditec-150x150.jpg\" class=\"lcp_thumbnail no-lazy wp-post-image\" alt=\"La influencia de la solera (placa-mortero) en la eficiencia energ\u00e9tica de los sistemas de calefacci\u00f3n\/refrigeraci\u00f3n por suelo radiante, es la encargada de la distribuci\u00f3n y emisi\u00f3n del calor por I\u00f1aki Isusi Navarro\" srcset=\"https:\/\/www.atecyr.org\/blog\/wp-content\/uploads\/2026\/02\/Inaki-Anhyditec-150x150.jpg 150w, https:\/\/www.atecyr.org\/blog\/wp-content\/uploads\/2026\/02\/Inaki-Anhyditec-80x80.jpg 80w, https:\/\/www.atecyr.org\/blog\/wp-content\/uploads\/2026\/02\/Inaki-Anhyditec-320x320.jpg 320w, https:\/\/www.atecyr.org\/blog\/wp-content\/uploads\/2026\/02\/Inaki-Anhyditec-500x500.jpg 500w\" sizes=\"(max-width: 150px) 100vw, 150px\" \/><\/a><div class=\"lcp_excerpt\">\n\n\n\n\n\n\n\nI\u00f1aki Isusi Navarro\n\n\nDirector T\u00e9cnico de Anhydritec\n\n\n\n\n\n\n\n\n1. Introducci\u00f3n\n\n\nLa calefacci\u00f3n por suelo radiante se ha consolidado como uno de los sistemas de climatizaci\u00f3n m\u00e1s eficientes y confortables en edificaci\u00f3n residencial y terciaria. Su funcionamiento a baja temperatura, la distribuci\u00f3n homog\u00e9nea del calor y su elevada compatibilidad con sistemas de generaci\u00f3n eficientes, como las bombas de calor aerotermia, ...<\/div><\/li><li><a href=\"https:\/\/www.atecyr.org\/blog\/2025\/10\/06\/contribucion-a-la-transicion-ecologica-tour-de-la-descarbonizacion-etapa-cordoba-propuesta-airzone\/\">Contribuci\u00f3n a la transici\u00f3n ecol\u00f3gica. Tour de la descarbonizaci\u00f3n, etapa C\u00f3rdoba. Propuesta Airzone<\/a><a href=\"https:\/\/www.atecyr.org\/blog\/2025\/10\/06\/contribucion-a-la-transicion-ecologica-tour-de-la-descarbonizacion-etapa-cordoba-propuesta-airzone\/\" title=\"Contribuci\u00f3n a la transici\u00f3n ecol\u00f3gica. Tour de la descarbonizaci\u00f3n, etapa C\u00f3rdoba. Propuesta Airzone\"><img loading=\"lazy\" decoding=\"async\" width=\"150\" height=\"150\" src=\"https:\/\/www.atecyr.org\/blog\/wp-content\/uploads\/2025\/06\/Sin-titulo-1-6-150x150.png\" class=\"lcp_thumbnail no-lazy wp-post-image\" alt=\"Contribuci\u00f3n a la transici\u00f3n ecol\u00f3gica. Tour de la descarbonizaci\u00f3n, etapa C\u00f3rdoba. Propuesta Airzone\" srcset=\"https:\/\/www.atecyr.org\/blog\/wp-content\/uploads\/2025\/06\/Sin-titulo-1-6-150x150.png 150w, https:\/\/www.atecyr.org\/blog\/wp-content\/uploads\/2025\/06\/Sin-titulo-1-6-80x80.png 80w, https:\/\/www.atecyr.org\/blog\/wp-content\/uploads\/2025\/06\/Sin-titulo-1-6-320x320.png 320w\" sizes=\"(max-width: 150px) 100vw, 150px\" \/><\/a><div class=\"lcp_excerpt\">\n\n\n\n\n\n<\/div><\/li><li><a href=\"https:\/\/www.atecyr.org\/blog\/2025\/09\/11\/contribucion-a-la-transicion-ecologica-tour-de-la-descarbonizacion-etapa-madrid-propuesta-airzone\/\">Contribuci\u00f3n a la transici\u00f3n ecol\u00f3gica. Tour de la descarbonizaci\u00f3n, etapa Madrid. Propuesta Airzone<\/a><a href=\"https:\/\/www.atecyr.org\/blog\/2025\/09\/11\/contribucion-a-la-transicion-ecologica-tour-de-la-descarbonizacion-etapa-madrid-propuesta-airzone\/\" title=\"Contribuci\u00f3n a la transici\u00f3n ecol\u00f3gica. Tour de la descarbonizaci\u00f3n, etapa Madrid. Propuesta Airzone\"><img loading=\"lazy\" decoding=\"async\" width=\"150\" height=\"150\" src=\"https:\/\/www.atecyr.org\/blog\/wp-content\/uploads\/2025\/06\/Sin-titulo-1-6-150x150.png\" class=\"lcp_thumbnail no-lazy wp-post-image\" alt=\"Contribuci\u00f3n a la transici\u00f3n ecol\u00f3gica. Tour de la descarbonizaci\u00f3n, etapa Madrid. Propuesta Airzone\" srcset=\"https:\/\/www.atecyr.org\/blog\/wp-content\/uploads\/2025\/06\/Sin-titulo-1-6-150x150.png 150w, https:\/\/www.atecyr.org\/blog\/wp-content\/uploads\/2025\/06\/Sin-titulo-1-6-80x80.png 80w, https:\/\/www.atecyr.org\/blog\/wp-content\/uploads\/2025\/06\/Sin-titulo-1-6-320x320.png 320w\" sizes=\"(max-width: 150px) 100vw, 150px\" \/><\/a><div class=\"lcp_excerpt\">\n\n\n\n\n\n<\/div><\/li><li><a href=\"https:\/\/www.atecyr.org\/blog\/2025\/06\/30\/contribucion-a-la-transicion-ecologica-propuesta-baxi-etapa-barcelona\/\">Contribuci\u00f3n a la transici\u00f3n ecol\u00f3gica, etapa Barcelona. Propuesta Baxi.<\/a><a href=\"https:\/\/www.atecyr.org\/blog\/2025\/06\/30\/contribucion-a-la-transicion-ecologica-propuesta-baxi-etapa-barcelona\/\" title=\"Contribuci\u00f3n a la transici\u00f3n ecol\u00f3gica, etapa Barcelona. Propuesta Baxi.\"><img loading=\"lazy\" decoding=\"async\" width=\"150\" height=\"150\" src=\"https:\/\/www.atecyr.org\/blog\/wp-content\/uploads\/2025\/06\/Sin-titulo-1-5-150x150.png\" class=\"lcp_thumbnail no-lazy wp-post-image\" alt=\"Contribuci\u00f3n a la transici\u00f3n ecol\u00f3gica, etapa Barcelona. Propuesta Baxi.\" srcset=\"https:\/\/www.atecyr.org\/blog\/wp-content\/uploads\/2025\/06\/Sin-titulo-1-5-150x150.png 150w, https:\/\/www.atecyr.org\/blog\/wp-content\/uploads\/2025\/06\/Sin-titulo-1-5-80x80.png 80w, https:\/\/www.atecyr.org\/blog\/wp-content\/uploads\/2025\/06\/Sin-titulo-1-5-320x320.png 320w\" sizes=\"(max-width: 150px) 100vw, 150px\" \/><\/a><div class=\"lcp_excerpt\">\n\n\n\n\n\n<\/div><\/li><li><a href=\"https:\/\/www.atecyr.org\/blog\/2025\/06\/30\/contribucion-a-la-transicion-ecologica-tour-de-la-descarbonizacion-etapa-barcelona-propuesta-vivendio\/\">Contribuci\u00f3n a la transici\u00f3n ecol\u00f3gica. Tour de la descarbonizaci\u00f3n, etapa Barcelona. Propuesta Vivendio<\/a><a href=\"https:\/\/www.atecyr.org\/blog\/2025\/06\/30\/contribucion-a-la-transicion-ecologica-tour-de-la-descarbonizacion-etapa-barcelona-propuesta-vivendio\/\" title=\"Contribuci\u00f3n a la transici\u00f3n ecol\u00f3gica. Tour de la descarbonizaci\u00f3n, etapa Barcelona. Propuesta Vivendio\"><img loading=\"lazy\" decoding=\"async\" width=\"150\" height=\"150\" src=\"https:\/\/www.atecyr.org\/blog\/wp-content\/uploads\/2025\/06\/imagen-para-entrada-blog-150x150.jpg\" class=\"lcp_thumbnail no-lazy wp-post-image\" alt=\"Contribuci\u00f3n a la transici\u00f3n ecol\u00f3gica. Tour de la descarbonizaci\u00f3n, etapa Barcelona. Propuesta Vivendio\" srcset=\"https:\/\/www.atecyr.org\/blog\/wp-content\/uploads\/2025\/06\/imagen-para-entrada-blog-150x150.jpg 150w, https:\/\/www.atecyr.org\/blog\/wp-content\/uploads\/2025\/06\/imagen-para-entrada-blog-80x80.jpg 80w, https:\/\/www.atecyr.org\/blog\/wp-content\/uploads\/2025\/06\/imagen-para-entrada-blog-320x320.jpg 320w\" sizes=\"(max-width: 150px) 100vw, 150px\" \/><\/a><div class=\"lcp_excerpt\">\n\n\n\n\n\n<\/div><\/li><li><a href=\"https:\/\/www.atecyr.org\/blog\/2025\/06\/30\/contribucion-a-la-transicion-ecologica-propuesta-baxi-etapa-bilbao\/\">Contribuci\u00f3n a la transici\u00f3n ecol\u00f3gica. Propuesta Baxi. Etapa Bilbao<\/a><a href=\"https:\/\/www.atecyr.org\/blog\/2025\/06\/30\/contribucion-a-la-transicion-ecologica-propuesta-baxi-etapa-bilbao\/\" title=\"Contribuci\u00f3n a la transici\u00f3n ecol\u00f3gica. Propuesta Baxi. Etapa Bilbao\"><img loading=\"lazy\" decoding=\"async\" width=\"150\" height=\"150\" src=\"https:\/\/www.atecyr.org\/blog\/wp-content\/uploads\/2025\/06\/Sin-titulo-1-5-150x150.png\" class=\"lcp_thumbnail no-lazy wp-post-image\" alt=\"Contribuci\u00f3n a la transici\u00f3n ecol\u00f3gica. Propuesta Baxi. Etapa Bilbao\" srcset=\"https:\/\/www.atecyr.org\/blog\/wp-content\/uploads\/2025\/06\/Sin-titulo-1-5-150x150.png 150w, https:\/\/www.atecyr.org\/blog\/wp-content\/uploads\/2025\/06\/Sin-titulo-1-5-80x80.png 80w, https:\/\/www.atecyr.org\/blog\/wp-content\/uploads\/2025\/06\/Sin-titulo-1-5-320x320.png 320w\" sizes=\"(max-width: 150px) 100vw, 150px\" \/><\/a><div class=\"lcp_excerpt\">\n\n\n\n\n\n<\/div><\/li><li><a href=\"https:\/\/www.atecyr.org\/blog\/2025\/06\/18\/contribucion-a-la-transicion-ecologica-tour-de-la-descarbonizacion-etapa-bilbao-propuesta-airzone\/\">Contribuci\u00f3n a la transici\u00f3n ecol\u00f3gica. Tour de la descarbonizaci\u00f3n, etapa Bilbao. Propuesta Airzone<\/a><a href=\"https:\/\/www.atecyr.org\/blog\/2025\/06\/18\/contribucion-a-la-transicion-ecologica-tour-de-la-descarbonizacion-etapa-bilbao-propuesta-airzone\/\" title=\"Contribuci\u00f3n a la transici\u00f3n ecol\u00f3gica. Tour de la descarbonizaci\u00f3n, etapa Bilbao. Propuesta Airzone\"><img loading=\"lazy\" decoding=\"async\" width=\"150\" height=\"150\" src=\"https:\/\/www.atecyr.org\/blog\/wp-content\/uploads\/2025\/06\/Sin-titulo-1-6-150x150.png\" class=\"lcp_thumbnail no-lazy wp-post-image\" alt=\"Contribuci\u00f3n a la transici\u00f3n ecol\u00f3gica. Tour de la descarbonizaci\u00f3n, etapa Bilbao. Propuesta Airzone\" srcset=\"https:\/\/www.atecyr.org\/blog\/wp-content\/uploads\/2025\/06\/Sin-titulo-1-6-150x150.png 150w, https:\/\/www.atecyr.org\/blog\/wp-content\/uploads\/2025\/06\/Sin-titulo-1-6-80x80.png 80w, https:\/\/www.atecyr.org\/blog\/wp-content\/uploads\/2025\/06\/Sin-titulo-1-6-320x320.png 320w\" sizes=\"(max-width: 150px) 100vw, 150px\" \/><\/a><div class=\"lcp_excerpt\">\n\n\n\n\n\n<\/div><\/li><li><a href=\"https:\/\/www.atecyr.org\/blog\/2025\/06\/13\/contribucion-a-la-transicion-ecologica-propuesta-vivendio-2\/\">Contribuci\u00f3n a la transici\u00f3n ecol\u00f3gica. Tour de la descarbonizaci\u00f3n, etapa Bilbao. Propuesta Vivendio<\/a><a href=\"https:\/\/www.atecyr.org\/blog\/2025\/06\/13\/contribucion-a-la-transicion-ecologica-propuesta-vivendio-2\/\" title=\"Contribuci\u00f3n a la transici\u00f3n ecol\u00f3gica. Tour de la descarbonizaci\u00f3n, etapa Bilbao. Propuesta Vivendio\"><img loading=\"lazy\" decoding=\"async\" width=\"150\" height=\"150\" src=\"https:\/\/www.atecyr.org\/blog\/wp-content\/uploads\/2025\/06\/imagen-para-entrada-blog-150x150.jpg\" class=\"lcp_thumbnail no-lazy wp-post-image\" alt=\"Contribuci\u00f3n a la transici\u00f3n ecol\u00f3gica. Tour de la descarbonizaci\u00f3n, etapa Bilbao. Propuesta Vivendio\" srcset=\"https:\/\/www.atecyr.org\/blog\/wp-content\/uploads\/2025\/06\/imagen-para-entrada-blog-150x150.jpg 150w, https:\/\/www.atecyr.org\/blog\/wp-content\/uploads\/2025\/06\/imagen-para-entrada-blog-80x80.jpg 80w, https:\/\/www.atecyr.org\/blog\/wp-content\/uploads\/2025\/06\/imagen-para-entrada-blog-320x320.jpg 320w\" sizes=\"(max-width: 150px) 100vw, 150px\" \/><\/a><div class=\"lcp_excerpt\">\n\n\n\n\n\n<\/div><\/li><li><a href=\"https:\/\/www.atecyr.org\/blog\/2025\/06\/04\/contribucion-a-la-transicion-ecologica-propuesta-vivendio\/\">Contribuci\u00f3n a la transici\u00f3n ecol\u00f3gica. Propuesta Vivendio<\/a><a href=\"https:\/\/www.atecyr.org\/blog\/2025\/06\/04\/contribucion-a-la-transicion-ecologica-propuesta-vivendio\/\" title=\"Contribuci\u00f3n a la transici\u00f3n ecol\u00f3gica. Propuesta Vivendio\"><img loading=\"lazy\" decoding=\"async\" width=\"150\" height=\"150\" src=\"https:\/\/www.atecyr.org\/blog\/wp-content\/uploads\/2025\/06\/imagen-para-entrada-blog-150x150.jpg\" class=\"lcp_thumbnail no-lazy wp-post-image\" alt=\"Contribuci\u00f3n a la transici\u00f3n ecol\u00f3gica. Propuesta Vivendio\" srcset=\"https:\/\/www.atecyr.org\/blog\/wp-content\/uploads\/2025\/06\/imagen-para-entrada-blog-150x150.jpg 150w, https:\/\/www.atecyr.org\/blog\/wp-content\/uploads\/2025\/06\/imagen-para-entrada-blog-80x80.jpg 80w, https:\/\/www.atecyr.org\/blog\/wp-content\/uploads\/2025\/06\/imagen-para-entrada-blog-320x320.jpg 320w\" sizes=\"(max-width: 150px) 100vw, 150px\" \/><\/a><div class=\"lcp_excerpt\">\n\n\n\n\n\n<\/div><\/li><li><a href=\"https:\/\/www.atecyr.org\/blog\/2025\/06\/02\/contribucion-a-la-transicion-ecologica-propuesta-vaillant\/\">Contribuci\u00f3n a la transici\u00f3n ecol\u00f3gica. Propuesta Vaillant<\/a><a href=\"https:\/\/www.atecyr.org\/blog\/2025\/06\/02\/contribucion-a-la-transicion-ecologica-propuesta-vaillant\/\" title=\"Contribuci\u00f3n a la transici\u00f3n ecol\u00f3gica. Propuesta Vaillant\"><img loading=\"lazy\" decoding=\"async\" width=\"150\" height=\"150\" src=\"https:\/\/www.atecyr.org\/blog\/wp-content\/uploads\/2025\/06\/Sin-titulo-1-1-150x150.png\" class=\"lcp_thumbnail no-lazy wp-post-image\" alt=\"Contribuci\u00f3n a la transici\u00f3n ecol\u00f3gica. Propuesta Vaillant\" srcset=\"https:\/\/www.atecyr.org\/blog\/wp-content\/uploads\/2025\/06\/Sin-titulo-1-1-150x150.png 150w, https:\/\/www.atecyr.org\/blog\/wp-content\/uploads\/2025\/06\/Sin-titulo-1-1-80x80.png 80w, https:\/\/www.atecyr.org\/blog\/wp-content\/uploads\/2025\/06\/Sin-titulo-1-1-320x320.png 320w\" sizes=\"(max-width: 150px) 100vw, 150px\" \/><\/a><div class=\"lcp_excerpt\">\n\n\n\n\n\n<\/div><\/li><\/ul><ul class='lcp_paginator'><li class='lcp_currentpage'>1<\/li><li><a href='https:\/\/www.atecyr.org\/blog\/wp-json\/wp\/v2\/pages\/534?lcp_page0=2#lcp_instance_0' title='2'>2<\/a><\/li><li><a href='https:\/\/www.atecyr.org\/blog\/wp-json\/wp\/v2\/pages\/534?lcp_page0=3#lcp_instance_0' title='3'>3<\/a><\/li><li><a href='https:\/\/www.atecyr.org\/blog\/wp-json\/wp\/v2\/pages\/534?lcp_page0=4#lcp_instance_0' title='4'>4<\/a><\/li><li><a href='https:\/\/www.atecyr.org\/blog\/wp-json\/wp\/v2\/pages\/534?lcp_page0=5#lcp_instance_0' title='5'>5<\/a><\/li><li><a href='https:\/\/www.atecyr.org\/blog\/wp-json\/wp\/v2\/pages\/534?lcp_page0=6#lcp_instance_0' title='6'>6<\/a><\/li><li><a href='https:\/\/www.atecyr.org\/blog\/wp-json\/wp\/v2\/pages\/534?lcp_page0=7#lcp_instance_0' title='7'>7<\/a><\/li><li><a href='https:\/\/www.atecyr.org\/blog\/wp-json\/wp\/v2\/pages\/534?lcp_page0=2#lcp_instance_0' title='2' class='lcp_nextlink'>&gt;&gt;<\/a><\/li><\/ul>\n","protected":false},"excerpt":{"rendered":"","protected":false},"author":1,"featured_media":0,"parent":0,"menu_order":0,"comment_status":"closed","ping_status":"closed","template":"","meta":{"footnotes":"","_vp_format_video_url":"","_vp_image_focal_point":[]},"post_mailing_queue_ids":[],"_links":{"self":[{"href":"https:\/\/www.atecyr.org\/blog\/wp-json\/wp\/v2\/pages\/534"}],"collection":[{"href":"https:\/\/www.atecyr.org\/blog\/wp-json\/wp\/v2\/pages"}],"about":[{"href":"https:\/\/www.atecyr.org\/blog\/wp-json\/wp\/v2\/types\/page"}],"author":[{"embeddable":true,"href":"https:\/\/www.atecyr.org\/blog\/wp-json\/wp\/v2\/users\/1"}],"replies":[{"embeddable":true,"href":"https:\/\/www.atecyr.org\/blog\/wp-json\/wp\/v2\/comments?post=534"}],"version-history":[{"count":5,"href":"https:\/\/www.atecyr.org\/blog\/wp-json\/wp\/v2\/pages\/534\/revisions"}],"predecessor-version":[{"id":2376,"href":"https:\/\/www.atecyr.org\/blog\/wp-json\/wp\/v2\/pages\/534\/revisions\/2376"}],"wp:attachment":[{"href":"https:\/\/www.atecyr.org\/blog\/wp-json\/wp\/v2\/media?parent=534"}],"curies":[{"name":"wp","href":"https:\/\/api.w.org\/{rel}","templated":true}]}}