{"id":395,"date":"2019-04-06T18:21:38","date_gmt":"2019-04-06T18:21:38","guid":{"rendered":"https:\/\/www.atecyr.org\/blog\/?page_id=395"},"modified":"2021-11-25T08:58:05","modified_gmt":"2021-11-25T07:58:05","slug":"calidad-del-ambiente","status":"publish","type":"page","link":"https:\/\/www.atecyr.org\/blog\/calidad-del-ambiente\/","title":{"rendered":"Calidad del ambiente"},"content":{"rendered":"<ul class=\"lcp_catlist\" id=\"lcp_instance_0\"><li><a href=\"https:\/\/www.atecyr.org\/blog\/2023\/12\/04\/ventilacion-de-edificios-consumo-extra-o-ahorro-de-energia\/\">Ventilaci\u00f3n de edificios, \u00bfconsumo extra o ahorro de energ\u00eda?<\/a><a href=\"https:\/\/www.atecyr.org\/blog\/2023\/12\/04\/ventilacion-de-edificios-consumo-extra-o-ahorro-de-energia\/\" title=\"Ventilaci\u00f3n de edificios, \u00bfconsumo extra o ahorro de energ\u00eda?\"><img loading=\"lazy\" decoding=\"async\" width=\"150\" height=\"150\" src=\"https:\/\/www.atecyr.org\/blog\/wp-content\/uploads\/2023\/12\/3-150x150.jpg\" class=\"lcp_thumbnail no-lazy wp-post-image\" alt=\"Ventilaci\u00f3n de edificios, \u00bfconsumo extra o ahorro de energ\u00eda?\" srcset=\"https:\/\/www.atecyr.org\/blog\/wp-content\/uploads\/2023\/12\/3-150x150.jpg 150w, https:\/\/www.atecyr.org\/blog\/wp-content\/uploads\/2023\/12\/3-80x80.jpg 80w, https:\/\/www.atecyr.org\/blog\/wp-content\/uploads\/2023\/12\/3-320x320.jpg 320w\" sizes=\"(max-width: 150px) 100vw, 150px\" \/><\/a><div class=\"lcp_excerpt\">\n\n\n\nJos\u00e9 Antonio Torre \n\n\nIngeniero Industrial. Director comercial EVAIR. Vocal de la junta directiva de Atecyr y presidente en Atecyr Arag\u00f3n.\n\n\n\n\n\n\nDesde hace muchos a\u00f1os, la legislaci\u00f3n obliga y exige una ventilaci\u00f3n adecuada a la actividad humana y el uso del edificio, sin embargo, ha sido una pandemia mundial la que ha calado profundamente en la sociedad ...<\/div><\/li><li><a href=\"https:\/\/www.atecyr.org\/blog\/2022\/09\/13\/calidad-de-aire-en-hospitales-el-dtie-1-08-ofrece-la-guia-completa-para-el-diseno-y-gestion-de-las-instalaciones-de-climatizacion-y-ventilacion-en-el-sector-sanitario-por-manuel-gallardo-salazar\/\">Calidad de aire en hospitales. El DTIE 1.08 ofrece la gu\u00eda completa para el dise\u00f1o y gesti\u00f3n de las instalaciones de climatizaci\u00f3n y ventilaci\u00f3n en el sector sanitario por Manuel Gallardo Salazar<\/a><a href=\"https:\/\/www.atecyr.org\/blog\/2022\/09\/13\/calidad-de-aire-en-hospitales-el-dtie-1-08-ofrece-la-guia-completa-para-el-diseno-y-gestion-de-las-instalaciones-de-climatizacion-y-ventilacion-en-el-sector-sanitario-por-manuel-gallardo-salazar\/\" title=\"Calidad de aire en hospitales. El DTIE 1.08 ofrece la gu\u00eda completa para el dise\u00f1o y gesti\u00f3n de las instalaciones de climatizaci\u00f3n y ventilaci\u00f3n en el sector sanitario por Manuel Gallardo Salazar\"><img loading=\"lazy\" decoding=\"async\" width=\"150\" height=\"150\" src=\"https:\/\/www.atecyr.org\/blog\/wp-content\/uploads\/2022\/09\/Post-DTIE-1.08-150x150.png\" class=\"lcp_thumbnail no-lazy wp-post-image\" alt=\"Calidad de aire en hospitales. El DTIE 1.08 ofrece la gu\u00eda completa para el dise\u00f1o y gesti\u00f3n de las instalaciones de climatizaci\u00f3n y ventilaci\u00f3n en el sector sanitario por Manuel Gallardo Salazar\" srcset=\"https:\/\/www.atecyr.org\/blog\/wp-content\/uploads\/2022\/09\/Post-DTIE-1.08-150x150.png 150w, https:\/\/www.atecyr.org\/blog\/wp-content\/uploads\/2022\/09\/Post-DTIE-1.08-80x80.png 80w, https:\/\/www.atecyr.org\/blog\/wp-content\/uploads\/2022\/09\/Post-DTIE-1.08-320x320.png 320w\" sizes=\"(max-width: 150px) 100vw, 150px\" \/><\/a><div class=\"lcp_excerpt\">\n\n\n\nManuel Gallardo Salazar\n\n\nPresidente de la Agrupaci\u00f3n de Andaluc\u00eda y miembro del Comit\u00e9 T\u00e9cnico de Atecyr\n\n\n\n\n\n\nLas instalaciones de climatizaci\u00f3n y ventilaci\u00f3n en el sector sanitario son de las m\u00e1s complejas y difusas para los profesionales del sector, tanto en el dise\u00f1o, ejecuci\u00f3n y puesta en marcha.\n\n\nLa variedad de normativas y est\u00e1ndares internacionales sobre la calidad del ...<\/div><\/li><li><a href=\"https:\/\/www.atecyr.org\/blog\/2022\/05\/17\/la-filtracion-como-medida-para-mejorar-la-cai-y-seguridad-frente-al-contagio-en-espacios-interiores-por-pedro-vicente-quiles\/\">La filtraci\u00f3n como medida para mejorar la CAI y seguridad frente al contagio en espacios interiores por Pedro Vicente Quiles<\/a><a href=\"https:\/\/www.atecyr.org\/blog\/2022\/05\/17\/la-filtracion-como-medida-para-mejorar-la-cai-y-seguridad-frente-al-contagio-en-espacios-interiores-por-pedro-vicente-quiles\/\" title=\"La filtraci\u00f3n como medida para mejorar la CAI y seguridad frente al contagio en espacios interiores por Pedro Vicente Quiles\"><img loading=\"lazy\" decoding=\"async\" width=\"150\" height=\"150\" src=\"https:\/\/www.atecyr.org\/blog\/wp-content\/uploads\/2022\/05\/Pedro-Vicente-150x150.png\" class=\"lcp_thumbnail no-lazy wp-post-image\" alt=\"La filtraci\u00f3n como medida para mejorar la CAI y seguridad frente al contagio en espacios interiores por Pedro Vicente Quiles\" srcset=\"https:\/\/www.atecyr.org\/blog\/wp-content\/uploads\/2022\/05\/Pedro-Vicente-150x150.png 150w, https:\/\/www.atecyr.org\/blog\/wp-content\/uploads\/2022\/05\/Pedro-Vicente-80x80.png 80w, https:\/\/www.atecyr.org\/blog\/wp-content\/uploads\/2022\/05\/Pedro-Vicente-320x320.png 320w\" sizes=\"(max-width: 150px) 100vw, 150px\" \/><\/a><div class=\"lcp_excerpt\">\n\n\n\nPedro Vicente Quiles\n\n\nPresidente del Comit\u00e9 T\u00e9cnico de Atecyr \n\n\n\n\n\n\nEl filtrado del aire mejora la calidad del aire interior y puede emplearse para corregir problemas de ventilaci\u00f3n. Los purificadores de aire pueden ser adecuados en espacios donde la renovaci\u00f3n del aire sea escasa: no pueden sustituir al aporte de aire exterior, pero s\u00ed producen una mejora ...<\/div><\/li><li><a href=\"https:\/\/www.atecyr.org\/blog\/2021\/06\/30\/gestion-y-calidad-de-aire-interior-en-unidades-de-tratamiento-de-aire-por-jose-antonio-torre-calvo\/\">Gesti\u00f3n y calidad de aire interior en unidades de tratamiento de aire por Jos\u00e9 Antonio Torre Calvo<\/a><a href=\"https:\/\/www.atecyr.org\/blog\/2021\/06\/30\/gestion-y-calidad-de-aire-interior-en-unidades-de-tratamiento-de-aire-por-jose-antonio-torre-calvo\/\" title=\"Gesti\u00f3n y calidad de aire interior en unidades de tratamiento de aire por Jos\u00e9 Antonio Torre Calvo\"><img loading=\"lazy\" decoding=\"async\" width=\"150\" height=\"150\" src=\"https:\/\/www.atecyr.org\/blog\/wp-content\/uploads\/2021\/06\/JATC-150x150.png\" class=\"lcp_thumbnail no-lazy wp-post-image\" alt=\"Gesti\u00f3n y calidad de aire interior en unidades de tratamiento de aire por Jos\u00e9 Antonio Torre Calvo\" srcset=\"https:\/\/www.atecyr.org\/blog\/wp-content\/uploads\/2021\/06\/JATC-150x150.png 150w, https:\/\/www.atecyr.org\/blog\/wp-content\/uploads\/2021\/06\/JATC-160x160.png 160w, https:\/\/www.atecyr.org\/blog\/wp-content\/uploads\/2021\/06\/JATC-320x320.png 320w\" sizes=\"(max-width: 150px) 100vw, 150px\" \/><\/a><div class=\"lcp_excerpt\">\n\n\n\nJos\u00e9 Antonio Torre Calvo \n\n\nPresidente Agrupaci\u00f3n Atecyr Arag\u00f3n\n\n\n\n\n\n\nSe ha hablado mucho sobre la calidad de aire en el interior de los edificios, siendo la ventilaci\u00f3n el elemento clave para garantizar en todo momento el cumplimiento de los requisitos de salubridad interior y seguridad para las personas.\n\n\nLas Unidades de Tratamiento de Aire (en lo sucesivo UTA), ...<\/div><\/li><li><a href=\"https:\/\/www.atecyr.org\/blog\/2020\/07\/02\/sistemas-de-ventilacion-residenciales-y-la-salud-por-santiago-pascual\/\">Sistemas de Ventilaci\u00f3n residenciales y la Salud por Santiago Pascual<\/a><a href=\"https:\/\/www.atecyr.org\/blog\/2020\/07\/02\/sistemas-de-ventilacion-residenciales-y-la-salud-por-santiago-pascual\/\" title=\"Sistemas de Ventilaci\u00f3n residenciales y la Salud por Santiago Pascual\"><img loading=\"lazy\" decoding=\"async\" width=\"150\" height=\"150\" src=\"https:\/\/www.atecyr.org\/blog\/wp-content\/uploads\/2020\/07\/Santiago-Pascual_Siberzone-150x150.png\" class=\"lcp_thumbnail no-lazy wp-post-image\" alt=\"Sistemas de Ventilaci\u00f3n residenciales y la Salud por Santiago Pascual\" srcset=\"https:\/\/www.atecyr.org\/blog\/wp-content\/uploads\/2020\/07\/Santiago-Pascual_Siberzone-150x150.png 150w, https:\/\/www.atecyr.org\/blog\/wp-content\/uploads\/2020\/07\/Santiago-Pascual_Siberzone-160x160.png 160w, https:\/\/www.atecyr.org\/blog\/wp-content\/uploads\/2020\/07\/Santiago-Pascual_Siberzone-320x320.png 320w\" sizes=\"(max-width: 150px) 100vw, 150px\" \/><\/a><div class=\"lcp_excerpt\">\n\n\n\nSantiago Pascual\n\n\nResponsable t\u00e9cnico comercial y Jefe de producto. Siberzone (Socio Protector de Atecyr)\n\n\n\n\nLa importancia de un adecuado Sistema de Ventilaci\u00f3n residencial\n\n\nCada edificio nuevo o rehabilitado requiere tener en cuenta una estrategia sobre ventilaci\u00f3n. El principio b\u00e1sico es asegurar una calidad del aire interior gracias a una renovaci\u00f3n del aire continua, aunque los beneficios conseguidos con ...<\/div><\/li><li><a href=\"https:\/\/www.atecyr.org\/blog\/2020\/04\/07\/el-radon-una-amenaza-invisible-por-jose-miguel-luna\/\">El rad\u00f3n, una amenaza invisible por Jos\u00e9 Miguel Luna<\/a><a href=\"https:\/\/www.atecyr.org\/blog\/2020\/04\/07\/el-radon-una-amenaza-invisible-por-jose-miguel-luna\/\" title=\"El rad\u00f3n, una amenaza invisible por Jos\u00e9 Miguel Luna\"><img loading=\"lazy\" decoding=\"async\" width=\"150\" height=\"150\" src=\"https:\/\/www.atecyr.org\/blog\/wp-content\/uploads\/2020\/04\/Luna-1-150x150.png\" class=\"lcp_thumbnail no-lazy wp-post-image\" alt=\"El rad\u00f3n, una amenaza invisible por Jos\u00e9 Miguel Luna\" srcset=\"https:\/\/www.atecyr.org\/blog\/wp-content\/uploads\/2020\/04\/Luna-1-150x150.png 150w, https:\/\/www.atecyr.org\/blog\/wp-content\/uploads\/2020\/04\/Luna-1-160x160.png 160w, https:\/\/www.atecyr.org\/blog\/wp-content\/uploads\/2020\/04\/Luna-1-320x320.png 320w\" sizes=\"(max-width: 150px) 100vw, 150px\" \/><\/a><div class=\"lcp_excerpt\">\n\n\n\nJos\u00e9 Miguel Luna \n\n\nResponsable de Desarrollo del Grupo Enerdex\n\n\n\n\n\n\nUn poco de historiaPara mucha gente el nombre de rad\u00f3n, sobre todo para los m\u00e1s mayores, es solo un lejano recuerdo de las clases de qu\u00edmica cuando aprend\u00edamos de memoria los elementos de la tabla del sistema peri\u00f3dico, y lleg\u00e1bamos por fin al \u00faltimo elemento de la ...<\/div><\/li><li><a href=\"https:\/\/www.atecyr.org\/blog\/2020\/03\/19\/la-calidad-del-aire-interior-como-garantia-de-confort-para-las-personas-por-meritxell-junca-rodriguez\/\">La Calidad del Aire Interior como garant\u00eda de confort para las personas, por Meritxell Junc\u00e0 Rodr\u00edguez<\/a><a href=\"https:\/\/www.atecyr.org\/blog\/2020\/03\/19\/la-calidad-del-aire-interior-como-garantia-de-confort-para-las-personas-por-meritxell-junca-rodriguez\/\" title=\"La Calidad del Aire Interior como garant\u00eda de confort para las personas, por Meritxell Junc\u00e0 Rodr\u00edguez\"><img loading=\"lazy\" decoding=\"async\" width=\"150\" height=\"150\" src=\"https:\/\/www.atecyr.org\/blog\/wp-content\/uploads\/2020\/03\/Meritxell-150x150.png\" class=\"lcp_thumbnail no-lazy wp-post-image\" alt=\"La Calidad del Aire Interior como garant\u00eda de confort para las personas, por Meritxell Junc\u00e0 Rodr\u00edguez\" srcset=\"https:\/\/www.atecyr.org\/blog\/wp-content\/uploads\/2020\/03\/Meritxell-150x150.png 150w, https:\/\/www.atecyr.org\/blog\/wp-content\/uploads\/2020\/03\/Meritxell-160x160.png 160w, https:\/\/www.atecyr.org\/blog\/wp-content\/uploads\/2020\/03\/Meritxell-320x320.png 320w\" sizes=\"(max-width: 150px) 100vw, 150px\" \/><\/a><div class=\"lcp_excerpt\">\n\n\n\n Meritxell Junc\u00e0 Rodr\u00edguez&nbsp;\n\n\n Marketing Manager de TESTO Espa\u00f1a (TESTO Espa\u00f1a, Socio protector de Atecyr)\n\n\n\n\n\n\nLa concentraci\u00f3n de CO2 el protagonista para la Calidad de Aire\n\n\nEl contenido de CO\u2082 en el aire\npresente en interiores es la expresi\u00f3n directa de la intensidad de uso del\nrecinto. Por este motivo tambi\u00e9n es ideal como se\u00f1al de orientaci\u00f3n para otros\nrangos ...<\/div><\/li><li><a href=\"https:\/\/www.atecyr.org\/blog\/2019\/06\/25\/como-influye-la-calefaccion-central-en-la-contaminacion-del-aire\/\">\u00bfC\u00f3mo influye la calefacci\u00f3n central en la contaminaci\u00f3n del aire? por Jaime Garc\u00eda Gonz\u00e1lez<\/a><a href=\"https:\/\/www.atecyr.org\/blog\/2019\/06\/25\/como-influye-la-calefaccion-central-en-la-contaminacion-del-aire\/\" title=\"\u00bfC\u00f3mo influye la calefacci\u00f3n central en la contaminaci\u00f3n del aire? por Jaime Garc\u00eda Gonz\u00e1lez\"><img loading=\"lazy\" decoding=\"async\" width=\"150\" height=\"150\" src=\"https:\/\/www.atecyr.org\/blog\/wp-content\/uploads\/2019\/06\/Jaime-Remica-150x150.jpg\" class=\"lcp_thumbnail no-lazy wp-post-image\" alt=\"\u00bfC\u00f3mo influye la calefacci\u00f3n central en la contaminaci\u00f3n del aire? por Jaime Garc\u00eda Gonz\u00e1lez\" srcset=\"https:\/\/www.atecyr.org\/blog\/wp-content\/uploads\/2019\/06\/Jaime-Remica-150x150.jpg 150w, https:\/\/www.atecyr.org\/blog\/wp-content\/uploads\/2019\/06\/Jaime-Remica-160x160.jpg 160w, https:\/\/www.atecyr.org\/blog\/wp-content\/uploads\/2019\/06\/Jaime-Remica-320x320.jpg 320w\" sizes=\"(max-width: 150px) 100vw, 150px\" \/><\/a><div class=\"lcp_excerpt\">\n\n\n\nJaime Garc\u00eda Gonz\u00e1lez\n\n\nDirector de Planificaci\u00f3n y Ejecuci\u00f3n de Obras en REMICA (REMICA, Socio protector de Atecyr)\n\n\n\n\n\n\nMejorar la calidad del aire de las ciudades es un asunto de salud p\u00fablica que preocupa y mucho, especialmente en grandes n\u00facleos urbanos.\n\n\nTomemos\ncomo ejemplo de una de las principales ciudades de nuestro pa\u00eds, como es\nMadrid, donde en noviembre de 2018 ...<\/div><\/li><\/ul>\n","protected":false},"excerpt":{"rendered":"","protected":false},"author":1,"featured_media":0,"parent":0,"menu_order":0,"comment_status":"closed","ping_status":"closed","template":"","meta":{"footnotes":"","_vp_format_video_url":"","_vp_image_focal_point":[]},"post_mailing_queue_ids":[],"_links":{"self":[{"href":"https:\/\/www.atecyr.org\/blog\/wp-json\/wp\/v2\/pages\/395"}],"collection":[{"href":"https:\/\/www.atecyr.org\/blog\/wp-json\/wp\/v2\/pages"}],"about":[{"href":"https:\/\/www.atecyr.org\/blog\/wp-json\/wp\/v2\/types\/page"}],"author":[{"embeddable":true,"href":"https:\/\/www.atecyr.org\/blog\/wp-json\/wp\/v2\/users\/1"}],"replies":[{"embeddable":true,"href":"https:\/\/www.atecyr.org\/blog\/wp-json\/wp\/v2\/comments?post=395"}],"version-history":[{"count":3,"href":"https:\/\/www.atecyr.org\/blog\/wp-json\/wp\/v2\/pages\/395\/revisions"}],"predecessor-version":[{"id":2344,"href":"https:\/\/www.atecyr.org\/blog\/wp-json\/wp\/v2\/pages\/395\/revisions\/2344"}],"wp:attachment":[{"href":"https:\/\/www.atecyr.org\/blog\/wp-json\/wp\/v2\/media?parent=395"}],"curies":[{"name":"wp","href":"https:\/\/api.w.org\/{rel}","templated":true}]}}