{"id":2197,"date":"2021-08-31T21:33:09","date_gmt":"2021-08-31T19:33:09","guid":{"rendered":"https:\/\/www.atecyr.org\/blog\/?page_id=2197"},"modified":"2021-11-25T08:59:09","modified_gmt":"2021-11-25T07:59:09","slug":"documentos-de-atecyr-de-referencia","status":"publish","type":"page","link":"https:\/\/www.atecyr.org\/blog\/documentos-de-atecyr-de-referencia\/","title":{"rendered":"Documento de Referencia de Atecyr"},"content":{"rendered":"<ul class=\"lcp_catlist\" id=\"lcp_instance_0\"><li><a href=\"https:\/\/www.atecyr.org\/blog\/2025\/11\/21\/documento-de-referencia-de-atecyr-dra-020804-criterios-de-diseno-de-la-calidad-del-aire-interior-cai-conforme-a-la-norma-en-16798-1-propuesta-de-anexo-a-de-la-une-en-16798-1\/\">Documento de Referencia de Atecyr DRA 020804 Criterios de Dise\u00f1o de la Calidad del Aire Interior (CAI), conforme a la norma EN 16798-1. Propuesta de Anexo A de la UNE-EN 16798-1<\/a><div class=\"lcp_excerpt\">\n\n\n\n\nEl blog de Atecyr publica un nuevo DRA sobre \u201cCriterios de Dise\u00f1o de la Calidad del Aire Interior (CAI), conforme a la norma EN 16798-1. Propuesta de Anexo A de la UNE-EN 16798-1\u201d.\n\n\nEl documento DRA 020804 CRITERIOS DE DISE\u00d1O DE LA CALIDAD DEL AIRE INTERIOR (CAI), CONFORME A LA NORMA EN 16798-1. PROPUESTA DE ATECYR ...<\/div><\/li><li><a href=\"https:\/\/www.atecyr.org\/blog\/2025\/03\/13\/documento-de-referencia-de-atecyr-dra-020803-metodologia-de-calculo-del-spf-de-bombas-de-calor-con-ensayo-en-14511\/\">Documento de Referencia de Atecyr DRA 020803 Metodolog\u00eda de c\u00e1lculo del SPF de bombas de calor con ensayo EN-14511<\/a><div class=\"lcp_excerpt\">\n\n\n\n\nEl blog de Atecyr publica un nuevo DRA sobre \u201cMetodolog\u00eda de c\u00e1lculo del SPF de bombas de calor con ensayo EN-14511\u201d.\n\n\n\n\nEl documento DRA 020803 METODOLOG\u00cdA DE C\u00c1LCULO DEL SPF DE BOMBAS DE CALOR CON ENSAYO EN 14511, establece un procedimiento detallado para el c\u00e1lculo del SPF (factor de rendimiento estacional) en bombas de calor destinadas ...<\/div><\/li><li><a href=\"https:\/\/www.atecyr.org\/blog\/2025\/01\/14\/documento-de-referencia-de-atecyr-dra-010205-calidad-ambiental-en-residencias-de-mayores\/\">Documento de Referencia de Atecyr DRA 010205 Calidad ambiental en residencias de mayores<\/a><div class=\"lcp_excerpt\">\n\n\n\n\nEl blog de Atecyr publica un nuevo DRA sobre \u201cCalidad ambiental en residencias de mayores\u201d.\n\n\nCuidemos la calidad ambiental en residencias de mayores: un documento clave para su bienestar\n\n\nEl dise\u00f1o y operaci\u00f3n de las residencias de mayores no puede limitarse solo a cumplir funciones pr\u00e1cticas. Es crucial considerar el impacto directo que tiene la calidad ambiental ...<\/div><\/li><li><a href=\"https:\/\/www.atecyr.org\/blog\/2025\/01\/14\/documento-de-referencia-de-atecyr-dra-051703-huella-de-carbono\/\">Documento de Referencia de Atecyr DRA 051703 Huella de carbono corporativo<\/a><div class=\"lcp_excerpt\">\n\n\n\n\nEl blog de Atecyr publica un nuevo DRA sobre \u201cHuella de carbono corporativo\u201d.\n\n\nEl presente Documento Reconocido de Atecyr (DRA) es una gu\u00eda detallada sobre la medici\u00f3n y gesti\u00f3n de la huella de carbono corporativa y su relevancia para la sostenibilidad empresarial. Comienza explicando c\u00f3mo la sostenibilidad implica equilibrar el impacto econ\u00f3mico, social y ambiental de ...<\/div><\/li><li><a href=\"https:\/\/www.atecyr.org\/blog\/2024\/11\/08\/https-www-atecyr-org-recursos-tecnicos-documentos-atecyr-formulario-phpfile10\/\">Documento de Referencia de Atecyr DRA 030101 Corrosi\u00f3n en Circuitos hidr\u00e1ulicos cerrados<\/a><div class=\"lcp_excerpt\">\n\n\n\n\n\n\nEl blog de Atecyr publica un nuevo DRA sobre \u201cCorrosi\u00f3n en Circuitos hidr\u00e1ulicos Cerrados \u201d.\n\n\nEste Documento Reconocido de ATECYR, titulado \u00abCorrosi\u00f3n en Circuitos Cerrados de Climatizaci\u00f3n\u00bb ofrece una gu\u00eda t\u00e9cnica completa sobre la prevenci\u00f3n y manejo de la corrosi\u00f3n en circuitos cerrados de agua, usados en sistemas de climatizaci\u00f3n. Explica las definiciones, los tipos de ...<\/div><\/li><li><a href=\"https:\/\/www.atecyr.org\/blog\/2024\/09\/30\/documento-de-referencia-de-atecyr-dra-020801-metodologia-de-calculo-del-spf-de-bombas-de-calor-con-ensayo-en-16147\/\">Documento de Referencia de Atecyr DRA 020802 Metodolog\u00eda de c\u00e1lculo del SPF de bombas de calor con ensayo EN &#8211; 16147<\/a><div class=\"lcp_excerpt\">\n\n\n\n\n\n\nEl blog de Atecyr publica un nuevo DRA sobre \u201cMetodolog\u00eda de c\u00e1lculo del SPF de bombas de calor con ensayo EN &#8211; 16147\u201d.\n\n\nEste documento presenta una metodolog\u00eda de c\u00e1lculo para determinar la eficiencia media estacional (SPFACS) de bombas de calor destinadas a la producci\u00f3n de Agua Caliente Sanitaria (ACS), conforme a las exigencias de la ...<\/div><\/li><li><a href=\"https:\/\/www.atecyr.org\/blog\/2022\/10\/28\/documento-de-referencia-de-atecyr-dra-010101-requisitos-tecnicos-para-la-prevencion-de-la-legionelosis-en-instalaciones-de-acs\/\">Documento de Referencia de Atecyr DRA 010101 Requisitos t\u00e9cnicos para la prevenci\u00f3n de la legionelosis en instalaciones de ACS<\/a><div class=\"lcp_excerpt\">\n\n\n\n\nEl blog de Atecyr publica un nuevo DRA sobre \u201cRequisitos t\u00e9cnicos para la prevenci\u00f3n de la legionelosis en instalaciones de ACS\u201d.\n\n\nEl Real Decreto 487\/2022, de 21 de junio, por el que se establecen los requisitos sanitarios para la prevenci\u00f3n y control de la legionelosis, que entrar\u00e1 en vigor el 2 de enero de 2023, establece ...<\/div><\/li><li><a href=\"https:\/\/www.atecyr.org\/blog\/2022\/07\/01\/documento-de-referencia-de-atecyr-dra-020801-recomendaciones-de-diseno-para-la-fiabilidad-de-las-instalaciones-solares-termicas\/\">Documento de Referencia de Atecyr DRA 020801 Recomendaciones de dise\u00f1o para incrementar la fiabilidad de las instalaciones solares t\u00e9rmicas<\/a><div class=\"lcp_excerpt\">\n\n\n\n\nEl presente Documento de Referencia de Atecyr proporciona unas recomendaciones sencillas para que el dise\u00f1o de las Instalaciones Solares T\u00e9rmicas (IST) se realice de forma que su funcionamiento sea lo m\u00e1s robusto posible. El documento se centra en IST para producci\u00f3n de ACS.\n\n\nIncrementar la fiabilidad de las IST es un aspecto importante a considerar en ...<\/div><\/li><li><a href=\"https:\/\/www.atecyr.org\/blog\/2022\/04\/01\/documento-de-referencia-de-atecyr-dra-010204-posicionamiento-de-atecyr-sobre-exigencias-de-calidad-de-aire-interior\/\">Documento de Referencia de Atecyr DRA 010204 Posicionamiento de Atecyr sobre exigencias de Calidad de Aire Interior<\/a><div class=\"lcp_excerpt\">\nEn este Documento de Referencia de Atecyr se presenta el posicionamiento t\u00e9cnico de Atecyr en cuanto a los cambios y recomendaciones a realizar para la mejora de la Calidad del Aire Interior en los Edificios. Se exponen las exigencias actuales del RITE y se presentan propuestas concretas que entendemos que deber\u00edan modificarse debidos a la ...<\/div><\/li><li><a href=\"https:\/\/www.atecyr.org\/blog\/2021\/12\/02\/documento-de-referencia-de-atecyr-dra-021801-el-reto-de-la-descarbonizacion-de-la-edificacion\/\">Documento de Referencia de Atecyr DRA 021801 El reto de la descarbonizaci\u00f3n de la edificaci\u00f3n<\/a><div class=\"lcp_excerpt\">\nSe ha publicado otro DRA sobre un tema tan trascendental como importante para todos los t\u00e9cnicos del sector, que no es otro que la descarbonizaci\u00f3n; que marcar\u00e1 adem\u00e1s el futuro pr\u00f3ximo de nuestra actividad econ\u00f3mica. El documento enmarca cual ser\u00e1 el contexto que nos encontraremos en este viaje hacia una instalaci\u00f3n neutra en di\u00f3xido de ...<\/div><\/li><\/ul><ul class='lcp_paginator'><li class='lcp_currentpage'>1<\/li><li><a href='https:\/\/www.atecyr.org\/blog\/wp-json\/wp\/v2\/pages\/2197?lcp_page0=2#lcp_instance_0' title='2'>2<\/a><\/li><li><a href='https:\/\/www.atecyr.org\/blog\/wp-json\/wp\/v2\/pages\/2197?lcp_page0=2#lcp_instance_0' title='2' class='lcp_nextlink'>&gt;&gt;<\/a><\/li><\/ul>\n","protected":false},"excerpt":{"rendered":"","protected":false},"author":1,"featured_media":0,"parent":0,"menu_order":0,"comment_status":"closed","ping_status":"closed","template":"","meta":{"footnotes":"","_vp_format_video_url":"","_vp_image_focal_point":[]},"post_mailing_queue_ids":[],"_links":{"self":[{"href":"https:\/\/www.atecyr.org\/blog\/wp-json\/wp\/v2\/pages\/2197"}],"collection":[{"href":"https:\/\/www.atecyr.org\/blog\/wp-json\/wp\/v2\/pages"}],"about":[{"href":"https:\/\/www.atecyr.org\/blog\/wp-json\/wp\/v2\/types\/page"}],"author":[{"embeddable":true,"href":"https:\/\/www.atecyr.org\/blog\/wp-json\/wp\/v2\/users\/1"}],"replies":[{"embeddable":true,"href":"https:\/\/www.atecyr.org\/blog\/wp-json\/wp\/v2\/comments?post=2197"}],"version-history":[{"count":4,"href":"https:\/\/www.atecyr.org\/blog\/wp-json\/wp\/v2\/pages\/2197\/revisions"}],"predecessor-version":[{"id":2346,"href":"https:\/\/www.atecyr.org\/blog\/wp-json\/wp\/v2\/pages\/2197\/revisions\/2346"}],"wp:attachment":[{"href":"https:\/\/www.atecyr.org\/blog\/wp-json\/wp\/v2\/media?parent=2197"}],"curies":[{"name":"wp","href":"https:\/\/api.w.org\/{rel}","templated":true}]}}