{"id":1661,"date":"2020-07-07T20:39:48","date_gmt":"2020-07-07T18:39:48","guid":{"rendered":"https:\/\/www.atecyr.org\/blog\/?page_id=1661"},"modified":"2021-11-25T08:58:31","modified_gmt":"2021-11-25T07:58:31","slug":"climatizacion-y-sars-cov-2","status":"publish","type":"page","link":"https:\/\/www.atecyr.org\/blog\/climatizacion-y-sars-cov-2\/","title":{"rendered":"CLIMATIZACI\u00d3N Y SARS CoV 2"},"content":{"rendered":"<ul class=\"lcp_catlist\" id=\"lcp_instance_0\"><li><a href=\"https:\/\/www.atecyr.org\/blog\/2020\/10\/21\/calculo-del-nivel-de-ventilacion-cai-y-sars-cov-2-por-arcadio-garcia-lastra\/\">Calculo del nivel de ventilaci\u00f3n. CAI y SARS CoV 2, por Arcadio Garc\u00eda Lastra<\/a><a href=\"https:\/\/www.atecyr.org\/blog\/2020\/10\/21\/calculo-del-nivel-de-ventilacion-cai-y-sars-cov-2-por-arcadio-garcia-lastra\/\" title=\"Calculo del nivel de ventilaci\u00f3n. CAI y SARS CoV 2, por Arcadio Garc\u00eda Lastra\"><img loading=\"lazy\" decoding=\"async\" width=\"150\" height=\"150\" src=\"https:\/\/www.atecyr.org\/blog\/wp-content\/uploads\/2019\/11\/Arcadio-blog-150x150.png\" class=\"lcp_thumbnail no-lazy wp-post-image\" alt=\"Calculo del nivel de ventilaci\u00f3n. CAI y SARS CoV 2, por Arcadio Garc\u00eda Lastra\" srcset=\"https:\/\/www.atecyr.org\/blog\/wp-content\/uploads\/2019\/11\/Arcadio-blog-150x150.png 150w, https:\/\/www.atecyr.org\/blog\/wp-content\/uploads\/2019\/11\/Arcadio-blog-160x160.png 160w, https:\/\/www.atecyr.org\/blog\/wp-content\/uploads\/2019\/11\/Arcadio-blog-320x320.png 320w\" sizes=\"(max-width: 150px) 100vw, 150px\" \/><\/a><div class=\"lcp_excerpt\">\n\n\n\nArcadio Garc\u00eda Lastra\n\n\nSecretario T\u00e9cnico de Atecyr\n\n\n\n\n\n\nLos niveles de ventilaci\u00f3n mec\u00e1nica exigidos por la reglamentaci\u00f3n y los niveles recomendados para prevenir la propagaci\u00f3n del SARS CoV-2 no son los mismos. La ventilaci\u00f3n consiste en introducir aire exterior, generalmente menos contaminado, al interior de los edificios.\n\n\nLos regulados est\u00e1n fijados en el RITE para alcanzar una determinada calidad ...<\/div><\/li><li><a href=\"https:\/\/www.atecyr.org\/blog\/2020\/07\/13\/instalaciones-de-climatizacion-y-sars-cov-2-y-calidad-de-aire-propuesta-aire-limpio\/\">Instalaciones de Climatizaci\u00f3n, SARS CoV 2 y calidad de aire. Propuesta Aire Limpio<\/a><a href=\"https:\/\/www.atecyr.org\/blog\/2020\/07\/13\/instalaciones-de-climatizacion-y-sars-cov-2-y-calidad-de-aire-propuesta-aire-limpio\/\" title=\"Instalaciones de Climatizaci\u00f3n, SARS CoV 2 y calidad de aire. Propuesta Aire Limpio\"><img loading=\"lazy\" decoding=\"async\" width=\"150\" height=\"150\" src=\"https:\/\/www.atecyr.org\/blog\/wp-content\/uploads\/2020\/06\/Aire-limpio-1-150x150.png\" class=\"lcp_thumbnail no-lazy wp-post-image\" alt=\"Instalaciones de Climatizaci\u00f3n, SARS CoV 2 y calidad de aire. Propuesta Aire Limpio\" srcset=\"https:\/\/www.atecyr.org\/blog\/wp-content\/uploads\/2020\/06\/Aire-limpio-1-150x150.png 150w, https:\/\/www.atecyr.org\/blog\/wp-content\/uploads\/2020\/06\/Aire-limpio-1-160x160.png 160w, https:\/\/www.atecyr.org\/blog\/wp-content\/uploads\/2020\/06\/Aire-limpio-1-320x320.png 320w\" sizes=\"(max-width: 150px) 100vw, 150px\" \/><\/a><div class=\"lcp_excerpt\">\n\n\n\n\n\n\n\n\n\n<\/div><\/li><li><a href=\"https:\/\/www.atecyr.org\/blog\/2020\/07\/12\/instalaciones-de-climatizacion-sars-cov-2-y-calidad-de-aire-propuesta-airlan\/\">Instalaciones de Climatizaci\u00f3n, SARS CoV 2 y calidad de aire. Propuesta Airlan<\/a><a href=\"https:\/\/www.atecyr.org\/blog\/2020\/07\/12\/instalaciones-de-climatizacion-sars-cov-2-y-calidad-de-aire-propuesta-airlan\/\" title=\"Instalaciones de Climatizaci\u00f3n, SARS CoV 2 y calidad de aire. Propuesta Airlan\"><img loading=\"lazy\" decoding=\"async\" width=\"150\" height=\"150\" src=\"https:\/\/www.atecyr.org\/blog\/wp-content\/uploads\/2020\/07\/Airlan-3-150x150.png\" class=\"lcp_thumbnail no-lazy wp-post-image\" alt=\"Instalaciones de Climatizaci\u00f3n, SARS CoV 2 y calidad de aire. Propuesta Airlan\" srcset=\"https:\/\/www.atecyr.org\/blog\/wp-content\/uploads\/2020\/07\/Airlan-3-150x150.png 150w, https:\/\/www.atecyr.org\/blog\/wp-content\/uploads\/2020\/07\/Airlan-3-160x160.png 160w, https:\/\/www.atecyr.org\/blog\/wp-content\/uploads\/2020\/07\/Airlan-3-320x320.png 320w\" sizes=\"(max-width: 150px) 100vw, 150px\" \/><\/a><div class=\"lcp_excerpt\">\n\n\n\n\n\n\n\n\n\n<\/div><\/li><li><a href=\"https:\/\/www.atecyr.org\/blog\/2020\/07\/11\/instalaciones-de-climatizacion-y-sars-cov-2-y-calidad-de-aire-propuesta-camfil\/\">Instalaciones de Climatizaci\u00f3n, SARS CoV 2 y calidad de aire. Propuesta Camfil<\/a><a href=\"https:\/\/www.atecyr.org\/blog\/2020\/07\/11\/instalaciones-de-climatizacion-y-sars-cov-2-y-calidad-de-aire-propuesta-camfil\/\" title=\"Instalaciones de Climatizaci\u00f3n, SARS CoV 2 y calidad de aire. Propuesta Camfil\"><img loading=\"lazy\" decoding=\"async\" width=\"150\" height=\"150\" src=\"https:\/\/www.atecyr.org\/blog\/wp-content\/uploads\/2020\/06\/Camfil-1-150x150.png\" class=\"lcp_thumbnail no-lazy wp-post-image\" alt=\"Instalaciones de Climatizaci\u00f3n, SARS CoV 2 y calidad de aire. Propuesta Camfil\" srcset=\"https:\/\/www.atecyr.org\/blog\/wp-content\/uploads\/2020\/06\/Camfil-1-150x150.png 150w, https:\/\/www.atecyr.org\/blog\/wp-content\/uploads\/2020\/06\/Camfil-1-160x160.png 160w, https:\/\/www.atecyr.org\/blog\/wp-content\/uploads\/2020\/06\/Camfil-1-320x320.png 320w\" sizes=\"(max-width: 150px) 100vw, 150px\" \/><\/a><div class=\"lcp_excerpt\">\n\n\n\n\n\n\n\n\n\n<\/div><\/li><li><a href=\"https:\/\/www.atecyr.org\/blog\/2020\/07\/10\/instalaciones-de-climatizacion-y-sars-cov-2-y-calidad-de-aire-propuesta-ciat\/\">Instalaciones de Climatizaci\u00f3n, SARS CoV 2 y calidad de aire. Propuesta CIAT<\/a><a href=\"https:\/\/www.atecyr.org\/blog\/2020\/07\/10\/instalaciones-de-climatizacion-y-sars-cov-2-y-calidad-de-aire-propuesta-ciat\/\" title=\"Instalaciones de Climatizaci\u00f3n, SARS CoV 2 y calidad de aire. Propuesta CIAT\"><img loading=\"lazy\" decoding=\"async\" width=\"150\" height=\"150\" src=\"https:\/\/www.atecyr.org\/blog\/wp-content\/uploads\/2020\/07\/CIAT-1-150x150.png\" class=\"lcp_thumbnail no-lazy wp-post-image\" alt=\"Instalaciones de Climatizaci\u00f3n, SARS CoV 2 y calidad de aire. Propuesta CIAT\" srcset=\"https:\/\/www.atecyr.org\/blog\/wp-content\/uploads\/2020\/07\/CIAT-1-150x150.png 150w, https:\/\/www.atecyr.org\/blog\/wp-content\/uploads\/2020\/07\/CIAT-1-160x160.png 160w, https:\/\/www.atecyr.org\/blog\/wp-content\/uploads\/2020\/07\/CIAT-1-320x320.png 320w\" sizes=\"(max-width: 150px) 100vw, 150px\" \/><\/a><div class=\"lcp_excerpt\">\n\n\n\n\n\n\n\n\n\n<\/div><\/li><li><a href=\"https:\/\/www.atecyr.org\/blog\/2020\/07\/09\/instalaciones-de-climatizacion-y-sars-cov-2-y-calidad-de-aire-propuesta-daikin\/\">Instalaciones de Climatizaci\u00f3n, SARS CoV 2 y calidad de aire. Propuesta Daikin<\/a><a href=\"https:\/\/www.atecyr.org\/blog\/2020\/07\/09\/instalaciones-de-climatizacion-y-sars-cov-2-y-calidad-de-aire-propuesta-daikin\/\" title=\"Instalaciones de Climatizaci\u00f3n, SARS CoV 2 y calidad de aire. Propuesta Daikin\"><img loading=\"lazy\" decoding=\"async\" width=\"150\" height=\"150\" src=\"https:\/\/www.atecyr.org\/blog\/wp-content\/uploads\/2020\/06\/Daikin-1-150x150.png\" class=\"lcp_thumbnail no-lazy wp-post-image\" alt=\"Instalaciones de Climatizaci\u00f3n, SARS CoV 2 y calidad de aire. Propuesta Daikin\" srcset=\"https:\/\/www.atecyr.org\/blog\/wp-content\/uploads\/2020\/06\/Daikin-1-150x150.png 150w, https:\/\/www.atecyr.org\/blog\/wp-content\/uploads\/2020\/06\/Daikin-1-160x160.png 160w, https:\/\/www.atecyr.org\/blog\/wp-content\/uploads\/2020\/06\/Daikin-1-320x320.png 320w\" sizes=\"(max-width: 150px) 100vw, 150px\" \/><\/a><div class=\"lcp_excerpt\">\n\n\n\n\n\n\n\n\n\n<\/div><\/li><li><a href=\"https:\/\/www.atecyr.org\/blog\/2020\/07\/08\/instalaciones-de-climatizacion-y-sars-cov-2-y-calidad-de-aire-propuesta-danfoss\/\">Instalaciones de Climatizaci\u00f3n, SARS CoV 2 y calidad de aire. Propuesta Danfoss<\/a><a href=\"https:\/\/www.atecyr.org\/blog\/2020\/07\/08\/instalaciones-de-climatizacion-y-sars-cov-2-y-calidad-de-aire-propuesta-danfoss\/\" title=\"Instalaciones de Climatizaci\u00f3n, SARS CoV 2 y calidad de aire. Propuesta Danfoss\"><img loading=\"lazy\" decoding=\"async\" width=\"150\" height=\"150\" src=\"https:\/\/www.atecyr.org\/blog\/wp-content\/uploads\/2020\/07\/Danfoss-3-150x150.png\" class=\"lcp_thumbnail no-lazy wp-post-image\" alt=\"Instalaciones de Climatizaci\u00f3n, SARS CoV 2 y calidad de aire. Propuesta Danfoss\" srcset=\"https:\/\/www.atecyr.org\/blog\/wp-content\/uploads\/2020\/07\/Danfoss-3-150x150.png 150w, https:\/\/www.atecyr.org\/blog\/wp-content\/uploads\/2020\/07\/Danfoss-3-160x160.png 160w, https:\/\/www.atecyr.org\/blog\/wp-content\/uploads\/2020\/07\/Danfoss-3-320x320.png 320w\" sizes=\"(max-width: 150px) 100vw, 150px\" \/><\/a><div class=\"lcp_excerpt\">\n\n\n\n\n\n\n\n\n\n<\/div><\/li><li><a href=\"https:\/\/www.atecyr.org\/blog\/2020\/07\/07\/instalaciones-de-climatizacion-y-sars-cov-2-y-calidad-de-aire-propuesta-ferroli\/\">Instalaciones de Climatizaci\u00f3n, SARS CoV 2 y calidad de aire. Propuesta Ferroli<\/a><a href=\"https:\/\/www.atecyr.org\/blog\/2020\/07\/07\/instalaciones-de-climatizacion-y-sars-cov-2-y-calidad-de-aire-propuesta-ferroli\/\" title=\"Instalaciones de Climatizaci\u00f3n, SARS CoV 2 y calidad de aire. Propuesta Ferroli\"><img loading=\"lazy\" decoding=\"async\" width=\"150\" height=\"150\" src=\"https:\/\/www.atecyr.org\/blog\/wp-content\/uploads\/2020\/06\/Ferroli-1-150x150.png\" class=\"lcp_thumbnail no-lazy wp-post-image\" alt=\"Instalaciones de Climatizaci\u00f3n, SARS CoV 2 y calidad de aire. Propuesta Ferroli\" srcset=\"https:\/\/www.atecyr.org\/blog\/wp-content\/uploads\/2020\/06\/Ferroli-1-150x150.png 150w, https:\/\/www.atecyr.org\/blog\/wp-content\/uploads\/2020\/06\/Ferroli-1-160x160.png 160w, https:\/\/www.atecyr.org\/blog\/wp-content\/uploads\/2020\/06\/Ferroli-1-320x320.png 320w\" sizes=\"(max-width: 150px) 100vw, 150px\" \/><\/a><div class=\"lcp_excerpt\">\n\n\n\n\n\n\n\n\n\n<\/div><\/li><li><a href=\"https:\/\/www.atecyr.org\/blog\/2020\/07\/06\/instalaciones-de-climatizacion-y-sars-cov-2-y-calidad-de-aire-propuesta-grundfos\/\">Instalaciones de Climatizaci\u00f3n, SARS CoV 2 y calidad de aire. Propuesta Grundfos<\/a><a href=\"https:\/\/www.atecyr.org\/blog\/2020\/07\/06\/instalaciones-de-climatizacion-y-sars-cov-2-y-calidad-de-aire-propuesta-grundfos\/\" title=\"Instalaciones de Climatizaci\u00f3n, SARS CoV 2 y calidad de aire. Propuesta Grundfos\"><img loading=\"lazy\" decoding=\"async\" width=\"150\" height=\"150\" src=\"https:\/\/www.atecyr.org\/blog\/wp-content\/uploads\/2020\/06\/Grundfos-1-150x150.png\" class=\"lcp_thumbnail no-lazy wp-post-image\" alt=\"Instalaciones de Climatizaci\u00f3n, SARS CoV 2 y calidad de aire. Propuesta Grundfos\" srcset=\"https:\/\/www.atecyr.org\/blog\/wp-content\/uploads\/2020\/06\/Grundfos-1-150x150.png 150w, https:\/\/www.atecyr.org\/blog\/wp-content\/uploads\/2020\/06\/Grundfos-1-160x160.png 160w, https:\/\/www.atecyr.org\/blog\/wp-content\/uploads\/2020\/06\/Grundfos-1-320x320.png 320w\" sizes=\"(max-width: 150px) 100vw, 150px\" \/><\/a><div class=\"lcp_excerpt\">\n\n\n\n\n\n\n\n\n\n<\/div><\/li><li><a href=\"https:\/\/www.atecyr.org\/blog\/2020\/07\/05\/instalaciones-de-climatizacion-y-sars-cov-2-y-calidad-de-aire-propuesta-keyter\/\">Instalaciones de Climatizaci\u00f3n, SARS CoV 2 y calidad de aire. Propuesta Keyter<\/a><a href=\"https:\/\/www.atecyr.org\/blog\/2020\/07\/05\/instalaciones-de-climatizacion-y-sars-cov-2-y-calidad-de-aire-propuesta-keyter\/\" title=\"Instalaciones de Climatizaci\u00f3n, SARS CoV 2 y calidad de aire. Propuesta Keyter\"><img loading=\"lazy\" decoding=\"async\" width=\"150\" height=\"150\" src=\"https:\/\/www.atecyr.org\/blog\/wp-content\/uploads\/2020\/06\/Keyter-1-150x150.png\" class=\"lcp_thumbnail no-lazy wp-post-image\" alt=\"Instalaciones de Climatizaci\u00f3n, SARS CoV 2 y calidad de aire. Propuesta Keyter\" srcset=\"https:\/\/www.atecyr.org\/blog\/wp-content\/uploads\/2020\/06\/Keyter-1-150x150.png 150w, https:\/\/www.atecyr.org\/blog\/wp-content\/uploads\/2020\/06\/Keyter-1-160x160.png 160w, https:\/\/www.atecyr.org\/blog\/wp-content\/uploads\/2020\/06\/Keyter-1-320x320.png 320w\" sizes=\"(max-width: 150px) 100vw, 150px\" \/><\/a><div class=\"lcp_excerpt\">\n\n\n\n\n\n\n\n\n\n<\/div><\/li><\/ul><ul class='lcp_paginator'><li class='lcp_currentpage'>1<\/li><li><a href='https:\/\/www.atecyr.org\/blog\/wp-json\/wp\/v2\/pages\/1661?lcp_page0=2#lcp_instance_0' title='2'>2<\/a><\/li><li><a href='https:\/\/www.atecyr.org\/blog\/wp-json\/wp\/v2\/pages\/1661?lcp_page0=2#lcp_instance_0' title='2' class='lcp_nextlink'>&gt;&gt;<\/a><\/li><\/ul>\n","protected":false},"excerpt":{"rendered":"","protected":false},"author":1,"featured_media":0,"parent":0,"menu_order":0,"comment_status":"closed","ping_status":"closed","template":"","meta":{"footnotes":"","_vp_format_video_url":"","_vp_image_focal_point":[]},"post_mailing_queue_ids":[],"_links":{"self":[{"href":"https:\/\/www.atecyr.org\/blog\/wp-json\/wp\/v2\/pages\/1661"}],"collection":[{"href":"https:\/\/www.atecyr.org\/blog\/wp-json\/wp\/v2\/pages"}],"about":[{"href":"https:\/\/www.atecyr.org\/blog\/wp-json\/wp\/v2\/types\/page"}],"author":[{"embeddable":true,"href":"https:\/\/www.atecyr.org\/blog\/wp-json\/wp\/v2\/users\/1"}],"replies":[{"embeddable":true,"href":"https:\/\/www.atecyr.org\/blog\/wp-json\/wp\/v2\/comments?post=1661"}],"version-history":[{"count":6,"href":"https:\/\/www.atecyr.org\/blog\/wp-json\/wp\/v2\/pages\/1661\/revisions"}],"predecessor-version":[{"id":2345,"href":"https:\/\/www.atecyr.org\/blog\/wp-json\/wp\/v2\/pages\/1661\/revisions\/2345"}],"wp:attachment":[{"href":"https:\/\/www.atecyr.org\/blog\/wp-json\/wp\/v2\/media?parent=1661"}],"curies":[{"name":"wp","href":"https:\/\/api.w.org\/{rel}","templated":true}]}}