{"id":11,"date":"2018-02-15T13:28:09","date_gmt":"2018-02-15T13:28:09","guid":{"rendered":"https:\/\/www.atecyr.org\/blog\/?page_id=11"},"modified":"2021-11-25T20:02:31","modified_gmt":"2021-11-25T19:02:31","slug":"climatizacion","status":"publish","type":"page","link":"https:\/\/www.atecyr.org\/blog\/climatizacion\/","title":{"rendered":"Climatizaci\u00f3n"},"content":{"rendered":"<ul class=\"lcp_catlist\" id=\"lcp_instance_0\"><li><a href=\"https:\/\/www.atecyr.org\/blog\/2025\/11\/19\/cr-2025-pone-el-foco-en-la-urgencia-de-descarbonizar-tecnologia-planificacion-y-vision-sistemica-para-transformar-las-instalaciones-termicas\/\">C&amp;R 2025 pone el foco en la urgencia de descarbonizar: tecnolog\u00eda, planificaci\u00f3n y visi\u00f3n sist\u00e9mica para transformar las instalaciones t\u00e9rmicas<\/a><a href=\"https:\/\/www.atecyr.org\/blog\/2025\/11\/19\/cr-2025-pone-el-foco-en-la-urgencia-de-descarbonizar-tecnologia-planificacion-y-vision-sistemica-para-transformar-las-instalaciones-termicas\/\" title=\"C&amp;R 2025 pone el foco en la urgencia de descarbonizar: tecnolog\u00eda, planificaci\u00f3n y visi\u00f3n sist\u00e9mica para transformar las instalaciones t\u00e9rmicas\"><img loading=\"lazy\" decoding=\"async\" width=\"100\" height=\"100\" src=\"https:\/\/www.atecyr.org\/blog\/wp-content\/uploads\/2025\/10\/Sin-titulo-2.jpg\" class=\"lcp_thumbnail no-lazy wp-post-image\" alt=\"C&amp;R 2025 pone el foco en la urgencia de descarbonizar: tecnolog\u00eda, planificaci\u00f3n y visi\u00f3n sist\u00e9mica para transformar las instalaciones t\u00e9rmicas\" srcset=\"https:\/\/www.atecyr.org\/blog\/wp-content\/uploads\/2025\/10\/Sin-titulo-2.jpg 100w, https:\/\/www.atecyr.org\/blog\/wp-content\/uploads\/2025\/10\/Sin-titulo-2-80x80.jpg 80w\" sizes=\"(max-width: 100px) 100vw, 100px\" \/><\/a><div class=\"lcp_excerpt\">\nExpertos analizan ma\u00f1ana 20 de noviembre las claves t\u00e9cnicas, regulatorias y econ\u00f3micas para avanzar hacia edificios descarbonizados y eficientes.\n\n\n\n\n\n\n\n<\/div><\/li><li><a href=\"https:\/\/www.atecyr.org\/blog\/2025\/11\/06\/cr-2025-abre-paso-al-futuro-del-sector-con-nuevos-talentos\/\">C&amp;R 2025 abre paso al futuro del sector con Nuevos Talentos<\/a><a href=\"https:\/\/www.atecyr.org\/blog\/2025\/11\/06\/cr-2025-abre-paso-al-futuro-del-sector-con-nuevos-talentos\/\" title=\"C&amp;R 2025 abre paso al futuro del sector con Nuevos Talentos\"><img loading=\"lazy\" decoding=\"async\" width=\"100\" height=\"100\" src=\"https:\/\/www.atecyr.org\/blog\/wp-content\/uploads\/2025\/10\/Sin-titulo-2.jpg\" class=\"lcp_thumbnail no-lazy wp-post-image\" alt=\"C&amp;R 2025 abre paso al futuro del sector con Nuevos Talentos\" srcset=\"https:\/\/www.atecyr.org\/blog\/wp-content\/uploads\/2025\/10\/Sin-titulo-2.jpg 100w, https:\/\/www.atecyr.org\/blog\/wp-content\/uploads\/2025\/10\/Sin-titulo-2-80x80.jpg 80w\" sizes=\"(max-width: 100px) 100vw, 100px\" \/><\/a><div class=\"lcp_excerpt\">\nEl Sal\u00f3n Internacional de la Climatizaci\u00f3n y la Refrigeraci\u00f3n da respuesta al relevo generacional y conecta a empresas y estudiantes del sector del HVACR.\n\n\n\n\n<\/div><\/li><li><a href=\"https:\/\/www.atecyr.org\/blog\/2025\/10\/22\/galeria-de-innovacion-cr-2025-soluciones-que-marcan-el-futuro-eficiente-y-verde-de-la-climatizacion-y-la-refrigeracion\/\">Galer\u00eda de Innovaci\u00f3n C&amp;R 2025: soluciones que marcan el futuro eficiente y verde de la climatizaci\u00f3n y la refrigeraci\u00f3n<\/a><a href=\"https:\/\/www.atecyr.org\/blog\/2025\/10\/22\/galeria-de-innovacion-cr-2025-soluciones-que-marcan-el-futuro-eficiente-y-verde-de-la-climatizacion-y-la-refrigeracion\/\" title=\"Galer\u00eda de Innovaci\u00f3n C&amp;R 2025: soluciones que marcan el futuro eficiente y verde de la climatizaci\u00f3n y la refrigeraci\u00f3n\"><img loading=\"lazy\" decoding=\"async\" width=\"100\" height=\"100\" src=\"https:\/\/www.atecyr.org\/blog\/wp-content\/uploads\/2025\/10\/Sin-titulo-2.jpg\" class=\"lcp_thumbnail no-lazy wp-post-image\" alt=\"Galer\u00eda de Innovaci\u00f3n C&amp;R 2025: soluciones que marcan el futuro eficiente y verde de la climatizaci\u00f3n y la refrigeraci\u00f3n\" srcset=\"https:\/\/www.atecyr.org\/blog\/wp-content\/uploads\/2025\/10\/Sin-titulo-2.jpg 100w, https:\/\/www.atecyr.org\/blog\/wp-content\/uploads\/2025\/10\/Sin-titulo-2-80x80.jpg 80w\" sizes=\"(max-width: 100px) 100vw, 100px\" \/><\/a><div class=\"lcp_excerpt\">\nDel 18 al 20 de noviembre de 2025, el Sal\u00f3n Internacional de la Climatizaci\u00f3n y la Refrigeraci\u00f3n visibilizar\u00e1 18 desarrollos que representan las principales l\u00edneas de evoluci\u00f3n de los sectores de la Feria: eficiencia energ\u00e9tica, uso de refrigerantes naturales, descarbonizaci\u00f3n de edificios y digitalizaci\u00f3n de sistemas de control.\n\n\n\n\n\n\n\n\n\n\n<\/div><\/li><li><a href=\"https:\/\/www.atecyr.org\/blog\/2025\/09\/29\/gestion-eficiente-de-aguas-pluviales-en-plataformas-logisticas-e-industriales-por-jose-antonio-barrada\/\">Gesti\u00f3n eficiente de aguas pluviales en plataformas log\u00edsticas e industriales por Jos\u00e9 Antonio Barrada<\/a><a href=\"https:\/\/www.atecyr.org\/blog\/2025\/09\/29\/gestion-eficiente-de-aguas-pluviales-en-plataformas-logisticas-e-industriales-por-jose-antonio-barrada\/\" title=\"Gesti\u00f3n eficiente de aguas pluviales en plataformas log\u00edsticas e industriales por Jos\u00e9 Antonio Barrada\"><img loading=\"lazy\" decoding=\"async\" width=\"150\" height=\"150\" src=\"https:\/\/www.atecyr.org\/blog\/wp-content\/uploads\/2025\/09\/Italsan-Blog-150x150.jpg\" class=\"lcp_thumbnail no-lazy wp-post-image\" alt=\"Gesti\u00f3n eficiente de aguas pluviales en plataformas log\u00edsticas e industriales por Jos\u00e9 Antonio Barrada\" srcset=\"https:\/\/www.atecyr.org\/blog\/wp-content\/uploads\/2025\/09\/Italsan-Blog-150x150.jpg 150w, https:\/\/www.atecyr.org\/blog\/wp-content\/uploads\/2025\/09\/Italsan-Blog-80x80.jpg 80w, https:\/\/www.atecyr.org\/blog\/wp-content\/uploads\/2025\/09\/Italsan-Blog-320x320.jpg 320w\" sizes=\"(max-width: 150px) 100vw, 150px\" \/><\/a><div class=\"lcp_excerpt\">\n\n\n\n\n\n\n\nJos\u00e9 Antonio Barrada\n\n\nDirector Divisi\u00f3n Rainplus de Italsan\n\n\n\n\n\n\n\n\nEn las plataformas log\u00edsticas e instalaciones industriales de gran superficie, la correcta gesti\u00f3n de las aguas pluviales es cr\u00edtica. No solo para evitar acumulaciones y sobrecargas estructurales, sino tambi\u00e9n para cumplir con exigencias de sostenibilidad, eficiencia operativa y prevenci\u00f3n de riesgos. En este escenario, nuestra soluci\u00f3n integral de drenaje ...<\/div><\/li><li><a href=\"https:\/\/www.atecyr.org\/blog\/2025\/04\/15\/legionella-iii-integracion-de-la-bomba-de-calor-en-las-instalaciones-de-climatizacion-y-acs-por-ricardo-garcia-san-jose\/\">Integraci\u00f3n de la bomba de calor en las instalaciones de climatizaci\u00f3n y ACS por Ricardo Garc\u00eda San Jos\u00e9<\/a><a href=\"https:\/\/www.atecyr.org\/blog\/2025\/04\/15\/legionella-iii-integracion-de-la-bomba-de-calor-en-las-instalaciones-de-climatizacion-y-acs-por-ricardo-garcia-san-jose\/\" title=\"Integraci\u00f3n de la bomba de calor en las instalaciones de climatizaci\u00f3n y ACS por Ricardo Garc\u00eda San Jos\u00e9\"><img loading=\"lazy\" decoding=\"async\" width=\"150\" height=\"150\" src=\"https:\/\/www.atecyr.org\/blog\/wp-content\/uploads\/2022\/08\/RGSJ_post-150x150.png\" class=\"lcp_thumbnail no-lazy wp-post-image\" alt=\"Integraci\u00f3n de la bomba de calor en las instalaciones de climatizaci\u00f3n y ACS por Ricardo Garc\u00eda San Jos\u00e9\" srcset=\"https:\/\/www.atecyr.org\/blog\/wp-content\/uploads\/2022\/08\/RGSJ_post-150x150.png 150w, https:\/\/www.atecyr.org\/blog\/wp-content\/uploads\/2022\/08\/RGSJ_post-80x80.png 80w, https:\/\/www.atecyr.org\/blog\/wp-content\/uploads\/2022\/08\/RGSJ_post-320x320.png 320w\" sizes=\"(max-width: 150px) 100vw, 150px\" \/><\/a><div class=\"lcp_excerpt\">\n\n\n\n\n\nRicardo Garc\u00eda San Jos\u00e9\n\n\nVicepresidente del Comit\u00e9 T\u00e9cnico de Atecyr\n\n\n\n\n\n\n\n\nEn este art\u00edculo se analizan los criterios b\u00e1sicos para la integraci\u00f3n de las bombas de calor (BdC) en las instalaciones de Climatizaci\u00f3n y Agua Caliente Sanitaria (ACS); en primer lugar, se recuerdan los condicionantes del funcionamiento de las BdC resumiendo sus ventajas y sus limitaciones, para posteriormente ...<\/div><\/li><li><a href=\"https:\/\/www.atecyr.org\/blog\/2025\/03\/26\/gestion-del-agua-en-el-sector-sanitario-por-laura-sanchez-ruiz\/\">Gesti\u00f3n del agua en el sector sanitario por Laura S\u00e1nchez Ruiz<\/a><a href=\"https:\/\/www.atecyr.org\/blog\/2025\/03\/26\/gestion-del-agua-en-el-sector-sanitario-por-laura-sanchez-ruiz\/\" title=\"Gesti\u00f3n del agua en el sector sanitario por Laura S\u00e1nchez Ruiz\"><img loading=\"lazy\" decoding=\"async\" width=\"150\" height=\"150\" src=\"https:\/\/www.atecyr.org\/blog\/wp-content\/uploads\/2025\/03\/Blog-Italsan-150x150.jpg\" class=\"lcp_thumbnail no-lazy wp-post-image\" alt=\"Gesti\u00f3n del agua en el sector sanitario por Laura S\u00e1nchez Ruiz\" srcset=\"https:\/\/www.atecyr.org\/blog\/wp-content\/uploads\/2025\/03\/Blog-Italsan-150x150.jpg 150w, https:\/\/www.atecyr.org\/blog\/wp-content\/uploads\/2025\/03\/Blog-Italsan-80x80.jpg 80w, https:\/\/www.atecyr.org\/blog\/wp-content\/uploads\/2025\/03\/Blog-Italsan-320x320.jpg 320w\" sizes=\"(max-width: 150px) 100vw, 150px\" \/><\/a><div class=\"lcp_excerpt\">\nLaura S\u00e1nchez Ruiz\n\n\nDirectora T\u00e9cnica del Grupo Italsan\n\n\n\n\n\n\nLa revoluci\u00f3n tecnol\u00f3gica en la gesti\u00f3n del agua en entornos sanitarios\n\n\nEl sector sanitario se encuentra en una etapa de transformaci\u00f3n sin precedentes, impulsada por la digitalizaci\u00f3n y la adopci\u00f3n de tecnolog\u00edas avanzadas que mejoran la eficiencia, la seguridad y la sostenibilidad de sus operaciones. En este contexto, garantizar la ...<\/div><\/li><li><a href=\"https:\/\/www.atecyr.org\/blog\/2024\/12\/13\/objetivo-cero-fallecimientos-por-condiciones-termicas-por-gabriel-barcelo-rico-avello\/\">Objetivo: Cero fallecimientos por condiciones t\u00e9rmicas por Gabriel Barcel\u00f3 Rico-Avello<\/a><a href=\"https:\/\/www.atecyr.org\/blog\/2024\/12\/13\/objetivo-cero-fallecimientos-por-condiciones-termicas-por-gabriel-barcelo-rico-avello\/\" title=\"Objetivo: Cero fallecimientos por condiciones t\u00e9rmicas por Gabriel Barcel\u00f3 Rico-Avello\"><img loading=\"lazy\" decoding=\"async\" width=\"150\" height=\"122\" src=\"https:\/\/www.atecyr.org\/blog\/wp-content\/uploads\/2024\/07\/creatividad-barcelo-bLOG-1-150x122.png\" class=\"lcp_thumbnail no-lazy wp-post-image\" alt=\"Objetivo: Cero fallecimientos por condiciones t\u00e9rmicas por Gabriel Barcel\u00f3 Rico-Avello\" \/><\/a><div class=\"lcp_excerpt\">\nGabriel Barcel\u00f3 Rico-AvelloDr. II., L.C.F.  Socio Fundador de ATECYR.\n\n\n\n\n\nEn el mes de julio publicamos, en este Blog, el articulo: El aire acondicionado ha reducido en un tercio la mortalidad por altas temperaturas en Espa\u00f1a,\u00a0que hac\u00eda referencia a un texto publicado, con el mismo t\u00edtulo, en el portal de internet EARLY-ADAPT.\n\n\nEl objetivo de EARLY-ADAPT es ...<\/div><\/li><li><a href=\"https:\/\/www.atecyr.org\/blog\/2024\/07\/04\/el-aire-acondicionado-ha-reducido-en-un-tercio-la-mortalidad-por-altas-temperaturas-en-espana\/\">El aire acondicionado ha reducido en un tercio la mortalidad por altas temperaturas en Espa\u00f1a<\/a><a href=\"https:\/\/www.atecyr.org\/blog\/2024\/07\/04\/el-aire-acondicionado-ha-reducido-en-un-tercio-la-mortalidad-por-altas-temperaturas-en-espana\/\" title=\"El aire acondicionado ha reducido en un tercio la mortalidad por altas temperaturas en Espa\u00f1a\"><img loading=\"lazy\" decoding=\"async\" width=\"150\" height=\"122\" src=\"https:\/\/www.atecyr.org\/blog\/wp-content\/uploads\/2024\/07\/creatividad-barcelo-bLOG-1-150x122.png\" class=\"lcp_thumbnail no-lazy wp-post-image\" alt=\"El aire acondicionado ha reducido en un tercio la mortalidad por altas temperaturas en Espa\u00f1a\" \/><\/a><div class=\"lcp_excerpt\">\nGabriel Barcel\u00f3Dr. II., L.C.F.  Socio Fundador de ATECYR.\n\n\n\n\n\nCon este titulo ha sido publicado un art\u00edculo que aparece en el portal de internet&nbsp; https:\/\/www.early-adapt.eu\/. El objetivo de EARLY-ADAPT es analizar conjuntamente los factores ambientales (variabilidad clim\u00e1tica, contaminaci\u00f3n atmosf\u00e9rica, polvo del desierto y enfermedades infecciosas) y socioecon\u00f3micos (macroeconom\u00eda, envejecimiento, desigualdad y brecha de g\u00e9nero) de las ...<\/div><\/li><li><a href=\"https:\/\/www.atecyr.org\/blog\/2023\/11\/08\/cr-2023-estrena-viernes-joven-una-iniciativa-destinada-a-atraer-talento-y-crear-cantera\/\">C&amp;R 2023 estrena \u2018Viernes Joven\u2019, una iniciativa destinada a atraer talento y crear cantera<\/a><a href=\"https:\/\/www.atecyr.org\/blog\/2023\/11\/08\/cr-2023-estrena-viernes-joven-una-iniciativa-destinada-a-atraer-talento-y-crear-cantera\/\" title=\"C&amp;R 2023 estrena \u2018Viernes Joven\u2019, una iniciativa destinada a atraer talento y crear cantera\"><img loading=\"lazy\" decoding=\"async\" width=\"150\" height=\"150\" src=\"https:\/\/www.atecyr.org\/blog\/wp-content\/uploads\/2023\/09\/Feria-CR-150x150.png\" class=\"lcp_thumbnail no-lazy wp-post-image\" alt=\"C&amp;R 2023 estrena \u2018Viernes Joven\u2019, una iniciativa destinada a atraer talento y crear cantera\" srcset=\"https:\/\/www.atecyr.org\/blog\/wp-content\/uploads\/2023\/09\/Feria-CR-150x150.png 150w, https:\/\/www.atecyr.org\/blog\/wp-content\/uploads\/2023\/09\/Feria-CR-80x80.png 80w, https:\/\/www.atecyr.org\/blog\/wp-content\/uploads\/2023\/09\/Feria-CR-320x320.png 320w\" sizes=\"(max-width: 150px) 100vw, 150px\" \/><\/a><div class=\"lcp_excerpt\">\n\n\n\n\n\n\nEl Sal\u00f3n Internacional de la Climatizaci\u00f3n y la Refrigeraci\u00f3n, C&amp;R 2023, organizado por IFEMA MADRID, que se celebra del14 al 17 de noviembre, estrena en esta edici\u00f3n la iniciativa&nbsp;Viernes Joven, dedicada&nbsp;a estudiantes&nbsp;de ciclos formativos especializados e ingenier\u00edas,&nbsp;con el objeto de atraer talento y crear cantera, para dar respuesta a la actual demanda de profesionales y ...<\/div><\/li><li><a href=\"https:\/\/www.atecyr.org\/blog\/2023\/10\/23\/el-foro-cr-2023-analizara-los-principales-desafios-del-sector\/\">El FORO C&amp;R 2023 analizar\u00e1 los principales desaf\u00edos del sector<\/a><a href=\"https:\/\/www.atecyr.org\/blog\/2023\/10\/23\/el-foro-cr-2023-analizara-los-principales-desafios-del-sector\/\" title=\"El FORO C&amp;R 2023 analizar\u00e1 los principales desaf\u00edos del sector\"><img loading=\"lazy\" decoding=\"async\" width=\"150\" height=\"150\" src=\"https:\/\/www.atecyr.org\/blog\/wp-content\/uploads\/2023\/09\/Feria-CR-150x150.png\" class=\"lcp_thumbnail no-lazy wp-post-image\" alt=\"El FORO C&amp;R 2023 analizar\u00e1 los principales desaf\u00edos del sector\" srcset=\"https:\/\/www.atecyr.org\/blog\/wp-content\/uploads\/2023\/09\/Feria-CR-150x150.png 150w, https:\/\/www.atecyr.org\/blog\/wp-content\/uploads\/2023\/09\/Feria-CR-80x80.png 80w, https:\/\/www.atecyr.org\/blog\/wp-content\/uploads\/2023\/09\/Feria-CR-320x320.png 320w\" sizes=\"(max-width: 150px) 100vw, 150px\" \/><\/a><div class=\"lcp_excerpt\">\n\n\n\n\n\n\n\n\n\nLa gu\u00eda IDAE y la rehabilitaci\u00f3n energ\u00e9tica con bombas de calor y sus retos, las soluciones disruptivas en refrigeraci\u00f3n industrial, las implicaciones t\u00e9cnicas de la F-GAS en instalaciones t\u00e9rmicas y de climatizaci\u00f3n, la arquitectura en rehabilitaci\u00f3n energ\u00e9tica de edificios, los desaf\u00edos en el dise\u00f1o, construcci\u00f3n y entrega del nuevo Hospital Universitario 12 de Octubre de ...<\/div><\/li><\/ul><ul class='lcp_paginator'><li class='lcp_currentpage'>1<\/li><li><a href='https:\/\/www.atecyr.org\/blog\/wp-json\/wp\/v2\/pages\/11?lcp_page0=2#lcp_instance_0' title='2'>2<\/a><\/li><li><a href='https:\/\/www.atecyr.org\/blog\/wp-json\/wp\/v2\/pages\/11?lcp_page0=3#lcp_instance_0' title='3'>3<\/a><\/li><li><a href='https:\/\/www.atecyr.org\/blog\/wp-json\/wp\/v2\/pages\/11?lcp_page0=4#lcp_instance_0' title='4'>4<\/a><\/li><li><a href='https:\/\/www.atecyr.org\/blog\/wp-json\/wp\/v2\/pages\/11?lcp_page0=2#lcp_instance_0' title='2' class='lcp_nextlink'>&gt;&gt;<\/a><\/li><\/ul>\n","protected":false},"excerpt":{"rendered":"","protected":false},"author":1,"featured_media":0,"parent":0,"menu_order":0,"comment_status":"closed","ping_status":"closed","template":"","meta":{"footnotes":"","_vp_format_video_url":"","_vp_image_focal_point":[]},"post_mailing_queue_ids":[],"_links":{"self":[{"href":"https:\/\/www.atecyr.org\/blog\/wp-json\/wp\/v2\/pages\/11"}],"collection":[{"href":"https:\/\/www.atecyr.org\/blog\/wp-json\/wp\/v2\/pages"}],"about":[{"href":"https:\/\/www.atecyr.org\/blog\/wp-json\/wp\/v2\/types\/page"}],"author":[{"embeddable":true,"href":"https:\/\/www.atecyr.org\/blog\/wp-json\/wp\/v2\/users\/1"}],"replies":[{"embeddable":true,"href":"https:\/\/www.atecyr.org\/blog\/wp-json\/wp\/v2\/comments?post=11"}],"version-history":[{"count":8,"href":"https:\/\/www.atecyr.org\/blog\/wp-json\/wp\/v2\/pages\/11\/revisions"}],"predecessor-version":[{"id":2357,"href":"https:\/\/www.atecyr.org\/blog\/wp-json\/wp\/v2\/pages\/11\/revisions\/2357"}],"wp:attachment":[{"href":"https:\/\/www.atecyr.org\/blog\/wp-json\/wp\/v2\/media?parent=11"}],"curies":[{"name":"wp","href":"https:\/\/api.w.org\/{rel}","templated":true}]}}