{"id":1074,"date":"2019-12-08T10:43:23","date_gmt":"2019-12-08T09:43:23","guid":{"rendered":"https:\/\/www.atecyr.org\/blog\/?page_id=1074"},"modified":"2020-10-22T15:29:21","modified_gmt":"2020-10-22T13:29:21","slug":"normas-de-participacion","status":"publish","type":"page","link":"https:\/\/www.atecyr.org\/blog\/normas-de-participacion\/","title":{"rendered":"Normas para comentar los post del blog de Atecyr"},"content":{"rendered":"\n<p><strong>Normas\nde participaci\u00f3n del blog de Atecyr<\/strong><\/p>\n\n\n\n<p>El\nblog de Atecyr, Asociaci\u00f3n T\u00e9cnica Espa\u00f1ola de Climatizaci\u00f3n y\nRefrigeraci\u00f3n, es un punto de encuentro para compartir conocimiento\ny experiencias. Los usuarios pueden compartir sus opiniones\nreferentes a los contenidos publicados bajo las siguientes normas:<\/p>\n\n\n\n<ol><li> Para publicar un comentario es necesario registrarse en la plataforma con un email y contrase\u00f1a. Estos datos no ser\u00e1n mostrados ni compartidos p\u00fablicamente, por Atecyr. <\/li><li> Atecyr no se hace responsable de las opiniones de los usuarios. Son ellos los \u00fanicos responsable de la publicaci\u00f3n de sus comentarios, al igual que las consecuencias que puedan derivar, los cuales est\u00e1n constituidos en la legislaci\u00f3n sobre propiedad intelectual por lo que se hallan protegidos por las leyes y convenios internacionales aplicables en la materia. <\/li><li> No se aceptan publicaciones bajos pseud\u00f3nimos ni usuarios an\u00f3nimos. <\/li><li> En caso de que sea necesario citar o publicar contenido de terceros, el usuario deber\u00e1 de tener la debida autorizaci\u00f3n expresa del autor del contenido original. <\/li><li> Est\u00e1 prohibido la publicaci\u00f3n de contenidos que manifiesten odio o discriminaci\u00f3n por motivos de raza, sexo, religi\u00f3n, pol\u00edtica y\/o descalificaciones hacia otros usuarios. <\/li><li> Atecyr se reserva el derecho a moderar de los comentarios recibidos. <\/li><li>Si desea escribir un post en el blog de Atecyr, env\u00ede un mail a\u00a0<a rel=\"noreferrer noopener\" href=\"mailto:comunicacion@atecyr.org\" target=\"_blank\">comunicacion@atecyr.org<\/a>\u00a0para conocer las normas de participaci\u00f3n<\/li><\/ol>\n\n\n\n<p><strong>Aviso\nLegal:<\/strong><\/p>\n\n\n\n<p>De\nconformidad con el Reglamento (UE) 2016\/679 del Parlamento Europeo y\ndel Consejo de 27 de abril de 2016, le informamos que los datos por\nUd. proporcionados en este documento ser\u00e1n incorporados a un fichero\nautomatizado y\/o manual, cuyo responsable es: Asociaci\u00f3n T\u00e9cnica\nEspa\u00f1ola de Climatizaci\u00f3n y Refrigeraci\u00f3n (ATECYR), con sede\nsocial en c\/ Agastia, 112A 28043 de Madrid y cuyas finalidades son la\ngesti\u00f3n administrativa de la asociaci\u00f3n, gesti\u00f3n de las\nactividades organizadas por la misma, cumplimiento de los fines\nestatutariamente previstos y el env\u00edo de comunicaciones\ninformativas, siempre que se preste previamente el consentimiento,\ncomprometi\u00e9ndose a no realizar cesi\u00f3n a terceros, salvo las\nestipuladas por ley aplicable. Los datos ser\u00e1n conservados hasta que\nno se solicite su supresi\u00f3n.<\/p>\n\n\n\n<p>Ud.\npuede ejercer sus derechos de acceso, rectificaci\u00f3n, oposici\u00f3n y\ncancelaci\u00f3n, as\u00ed como los dem\u00e1s derechos reconocidos en el citado\nreglamento dirigi\u00e9ndose por escrito a la atenci\u00f3n del responsable\ndel fichero, siempre de acuerdo con lo establecido en la legislaci\u00f3n\nvigente.<\/p>\n\n\n\n<p>\nTodos\nlos datos recabados en el presente formulario son necesarios para\nproceder a la correcta tramitaci\u00f3n del alta solicitada por el mismo;\nla no cumplimentaci\u00f3n de alguno de los datos podr\u00eda suponer la no\ntramitaci\u00f3n del alta.<\/p>\n","protected":false},"excerpt":{"rendered":"<p>Normas de participaci\u00f3n del blog de Atecyr El blog de Atecyr, Asociaci\u00f3n T\u00e9cnica Espa\u00f1ola de Climatizaci\u00f3n y Refrigeraci\u00f3n, es un punto de encuentro para compartir conocimiento y experiencias. Los usuarios pueden compartir sus opiniones&#46;&#46;&#46;<\/p>\n","protected":false},"author":1,"featured_media":0,"parent":0,"menu_order":0,"comment_status":"closed","ping_status":"closed","template":"","meta":{"footnotes":"","_vp_format_video_url":"","_vp_image_focal_point":[]},"post_mailing_queue_ids":[],"_links":{"self":[{"href":"https:\/\/www.atecyr.org\/blog\/wp-json\/wp\/v2\/pages\/1074"}],"collection":[{"href":"https:\/\/www.atecyr.org\/blog\/wp-json\/wp\/v2\/pages"}],"about":[{"href":"https:\/\/www.atecyr.org\/blog\/wp-json\/wp\/v2\/types\/page"}],"author":[{"embeddable":true,"href":"https:\/\/www.atecyr.org\/blog\/wp-json\/wp\/v2\/users\/1"}],"replies":[{"embeddable":true,"href":"https:\/\/www.atecyr.org\/blog\/wp-json\/wp\/v2\/comments?post=1074"}],"version-history":[{"count":2,"href":"https:\/\/www.atecyr.org\/blog\/wp-json\/wp\/v2\/pages\/1074\/revisions"}],"predecessor-version":[{"id":1798,"href":"https:\/\/www.atecyr.org\/blog\/wp-json\/wp\/v2\/pages\/1074\/revisions\/1798"}],"wp:attachment":[{"href":"https:\/\/www.atecyr.org\/blog\/wp-json\/wp\/v2\/media?parent=1074"}],"curies":[{"name":"wp","href":"https:\/\/api.w.org\/{rel}","templated":true}]}}